{"id":22,"date":"2020-12-04T09:08:03","date_gmt":"2020-12-04T14:08:03","guid":{"rendered":"https:\/\/cesd.qc.ca\/?page_id=22"},"modified":"2020-12-04T09:08:38","modified_gmt":"2020-12-04T14:08:38","slug":"sound-lighting-equipment-rental","status":"publish","type":"page","link":"https:\/\/cesd.qc.ca\/en\/sound-lighting-equipment-rental\/","title":{"rendered":"Sound and lighting equipment rental"},"content":{"rendered":"<div id=\"attachment_1221\" style=\"width: 778px\" class=\"wp-caption aligncenter\"><a href=\"https:\/\/cesd.qc.ca\/media\/20201123_111257.jpg\"><img loading=\"lazy\" decoding=\"async\" aria-describedby=\"caption-attachment-1221\" class=\"size-large wp-image-1221\" src=\"https:\/\/cesd.qc.ca\/media\/20201123_111257-768x1024.jpg\" alt=\"Ghyslain Denis vous souhaite de tr\u00e8s belle f\u00eates!\" width=\"768\" height=\"1024\" srcset=\"https:\/\/cesd.qc.ca\/media\/20201123_111257-768x1024.jpg 768w, https:\/\/cesd.qc.ca\/media\/20201123_111257-225x300.jpg 225w, https:\/\/cesd.qc.ca\/media\/20201123_111257-1152x1536.jpg 1152w, https:\/\/cesd.qc.ca\/media\/20201123_111257-1536x2048.jpg 1536w, https:\/\/cesd.qc.ca\/media\/20201123_111257-1140x1520.jpg 1140w, https:\/\/cesd.qc.ca\/media\/20201123_111257-scaled.jpg 1920w\" sizes=\"auto, (max-width: 768px) 100vw, 768px\" \/><\/a><p id=\"caption-attachment-1221\" class=\"wp-caption-text\">Ghyslain Denis propri\u00e9taire du centre d&#8217;\u00e9quipement et de sonorisation Denis (cesd) Dans la joie des f\u00eates, vous souhaite de tr\u00e8s joyeuses f\u00eates \u00e0 tous! ho ho Ho!<\/p><\/div>\n<p>Everything we carry in stock is available to rent.<br \/>\nWe have speakers ranging from 100 to 2000 watts &#8211; perfect for any occasion &#8211; wired, or wireless microphones, consoles, mixers, professional grade cd players (single or double), supports and cabling &#8211; and that&#8217;s just some of the audio stuff we offer.<\/p>\n<p>We also have light, stage, and projection equipment as well! If we don&#8217;t have it, we will find it for you.<\/p>\n<p>In addition to our expert advice &#8211; ensuring that you have all the equipment you need to make your event a success &#8211; we also offer a turn key installation service, if you need any help setting it all up.<\/p>\n<p><a href=\"https:\/\/cesd.qc.ca\/media\/14322349_1132117626837019_3500400619810721458_n.jpg\"><img loading=\"lazy\" decoding=\"async\" class=\"alignnone size-full wp-image-333\" src=\"https:\/\/cesd.qc.ca\/media\/14322349_1132117626837019_3500400619810721458_n.jpg\" alt=\"\" width=\"960\" height=\"720\" srcset=\"https:\/\/cesd.qc.ca\/media\/14322349_1132117626837019_3500400619810721458_n.jpg 960w, https:\/\/cesd.qc.ca\/media\/14322349_1132117626837019_3500400619810721458_n-300x225.jpg 300w, https:\/\/cesd.qc.ca\/media\/14322349_1132117626837019_3500400619810721458_n-768x576.jpg 768w\" sizes=\"auto, (max-width: 960px) 100vw, 960px\" \/><\/a><\/p>\n<p><strong>Bonjour \u00e0 tous,<\/strong><\/p>\n<p><strong>Voici un petit communiquer sp\u00e9cial \u00e0 notre client\u00e8le du cesd (Centre d\u2019\u00e9quipement et de sonorisation Denis inc)!<\/strong><\/p>\n<p>Ch\u00e8re client du magasin Centre d\u2019\u00e9quipement et de sonorisation Denis inc,<\/p>\n<p>Afin de m\u2019encourag\u00e9 je vous invite de lire ce qui suit.<\/p>\n<p>Pr\u00e9sentement d\u00fb \u00e0 la covid et que le gouvernement \u00e0 fait arr\u00eat\u00e9 tout rassemblement divers, party, les \u00e9v\u00e9nements personnel et corporatif.<\/p>\n<p>Pour ceux qui recherche de l\u2019\u00e9quipement de son, \u00e9clairage, vid\u00e9o et accessoires. Si vous avez une id\u00e9e d\u2019achat que vous aimeriez faire en ce moment c\u2019est le temps de le faire.<\/p>\n<p><strong>Pour voir tous les offres et rabais de mon inventaire, nos produits en ligne qui sont en vente!<\/strong><\/p>\n<p><strong>Allez dans la page vente et cliquer sur Online catalog (qui est en bleu). Vous allez trouver de bons sp\u00e9ciaux en ce moment.<\/strong><\/p>\n<p>Sur la m\u00eame page; Je mets \u00e9galement en PDF un document de ce que j\u2019ai en inventaire avec les prix de vente sp\u00e9cial. Certaine \u00e9quipement sont neuf ou usag\u00e9.<\/p>\n<h3>Vous pouvez m\u2019\u00e9crire \u00e0 ghislain@cesd.qc.ca et me faire la demande de ma liste complet en PDF d\u2019inventaire qui sont en sp\u00e9ciaux pr\u00e9sentement. Du 01 au 23\u00a0d\u00e9cembre\u00a02020 La vente de No\u00ebl jusqu\u2019\u00e0 \u00e9puisement du stock.<\/h3>\n<h3>Des rabais de $ 10 \u00e0 $ 500 sur chaque \u00e9quipement.<\/h3>\n<p>Voici comment fonctionne les rencontres et les paiements.<\/p>\n<p>Avant la rencontre\u00a0:<\/p>\n<p>Vous devez me t\u00e9l\u00e9phoner ou texter sur mon cell : 514-231-3104 afin de prendre votre commande de la rentr\u00e9e dans ma comptabilit\u00e9 et de vous donner un rendez-vous \u00a0\u00e0 mon entrep\u00f4t.<\/p>\n<p>Les heures pour me t\u00e9l\u00e9phoner sont\u00a0:<\/p>\n<p>N\u2019importe quelle jours entre\u00a0: 8\u00a0:00 \u00e0 17\u00a0:00 laisser un message et je vous rappelle.<\/p>\n<p>Pour me parler en direct de 17\u00a0:30 \u00e0 20\u00a0:00.<\/p>\n<p>Pour le paiement peut se faire<\/p>\n<ul>\n<li>Par transfert bancaire le jour m\u00eame sur les lieux ou avant la rencontre.<\/li>\n<li>Par carte de cr\u00e9dit une journ\u00e9e avant afin de vous donner votre coupon d\u2019interac et facture.<\/li>\n<\/ul>\n<p>Les heures de rencontre disponible sont\u00a0:<\/p>\n<p>Lundi\u00a0au vendredi: entre 17\u00a0:30 \u00e0 19\u00a0:00<\/p>\n<p>Samedi et dimanche entre\u00a0: 10\u00a0:00 et 14\u00a0:00<\/p>\n<p>Le lieu de rencontre\u00a0 avec rendez-vous est :<\/p>\n<p>Entrep\u00f4t sous surveillance : D\u00e9potium de la cit\u00e9<\/p>\n<p>3550, Boul. Cit\u00e9 des Jeunes, Local int\u00e9rieur 314-331<\/p>\n<p>Vaudreuil-Dorion.<\/p>\n<p>T\u00e9l\u00a0: 450-452-0451<\/p>\n<p>T\u00e9l\u00e9phone cell\u00a0: 514-231-3104<\/p>\n<p>Courriel\u00a0: ghislain@cesd.qc.ca<\/p>\n<h3>Encouragez un commerce local dans votre r\u00e9gion, c\u2019est de garantir sa survie en affaire!<\/h3>\n<p>Je vous remercie \u00e0 vous ch\u00e8re client\u00e8le fid\u00e8le.<\/p>\n<p>Mes Sinc\u00e8re salutation,<\/p>\n<p>Ghyslain Denis du centre d\u2019\u00e9quipement de sonorisation Denis inc<\/p>\n<p>Appelez-moi des aujourd\u2019hui au 514-231-3104 et on ce donne rendez-vous!<\/p>\n<p>On va y arriver tous ensembles,<\/p>\n<h2>Venez aimer notre page Facebook\u00a0<a href=\"https:\/\/www.facebook.com\/cesdinc\/\">\u00a0https:\/\/www.facebook.com\/cesdinc\/?ref=bookmarks.<\/a><\/h2>\n","protected":false},"excerpt":{"rendered":"<p>Everything we carry in stock is available to rent. We have speakers ranging from 100 to 2000 watts &#8211; perfect for any occasion &#8211; wired, or wireless microphones, consoles, mixers, professional grade cd players (single or double), supports and cabling &#8211; and that&#8217;s just some of the audio stuff we offer. We also have light, [&hellip;]<\/p>\n","protected":false},"author":1,"featured_media":0,"parent":0,"menu_order":0,"comment_status":"open","ping_status":"open","template":"","meta":{"inline_featured_image":false,"footnotes":""},"class_list":["post-22","page","type-page","status-publish","hentry"],"yoast_head":"<!-- This site is optimized with the Yoast SEO plugin v27.5 - https:\/\/yoast.com\/product\/yoast-seo-wordpress\/ -->\n<title>Centre d&#039;\u00e9quipement et de sonorisation Denis Inc %pagesep%% Centre d&#039;\u00e9quipement et de sonorisation Denis Inc<\/title>\n<meta name=\"robots\" content=\"index, follow, max-snippet:-1, max-image-preview:large, max-video-preview:-1\" \/>\n<link rel=\"canonical\" href=\"https:\/\/cesd.qc.ca\/en\/sound-lighting-equipment-rental\/\" \/>\n<meta property=\"og:locale\" content=\"en_US\" \/>\n<meta property=\"og:type\" content=\"article\" \/>\n<meta property=\"og:title\" content=\"Centre d&#039;\u00e9quipement et de sonorisation Denis Inc %pagesep%% Centre d&#039;\u00e9quipement et de sonorisation Denis Inc\" \/>\n<meta property=\"og:description\" content=\"Everything we carry in stock is available to rent. We have speakers ranging from 100 to 2000 watts &#8211; perfect for any occasion &#8211; wired, or wireless microphones, consoles, mixers, professional grade cd players (single or double), supports and cabling &#8211; and that&#8217;s just some of the audio stuff we offer. We also have light, [&hellip;]\" \/>\n<meta property=\"og:url\" content=\"https:\/\/cesd.qc.ca\/en\/sound-lighting-equipment-rental\/\" \/>\n<meta property=\"og:site_name\" content=\"Centre d&#039;\u00e9quipement et de sonorisation Denis Inc\" \/>\n<meta property=\"article:publisher\" content=\"https:\/\/www.facebook.com\/cesdinc\/?ref=bookmarks\" \/>\n<meta property=\"article:modified_time\" content=\"2020-12-04T14:08:38+00:00\" \/>\n<meta property=\"og:image\" content=\"https:\/\/cesd.qc.ca\/media\/20170114_133457-1024x768.jpg\" \/>\n\t<meta property=\"og:image:width\" content=\"1024\" \/>\n\t<meta property=\"og:image:height\" content=\"768\" \/>\n\t<meta property=\"og:image:type\" content=\"image\/jpeg\" \/>\n<meta name=\"twitter:label1\" content=\"Est. reading time\" \/>\n\t<meta name=\"twitter:data1\" content=\"3 minutes\" \/>\n<script type=\"application\/ld+json\" class=\"yoast-schema-graph\">{\"@context\":\"https:\\\/\\\/schema.org\",\"@graph\":[{\"@type\":\"WebPage\",\"@id\":\"https:\\\/\\\/cesd.qc.ca\\\/en\\\/sound-lighting-equipment-rental\\\/\",\"url\":\"https:\\\/\\\/cesd.qc.ca\\\/en\\\/sound-lighting-equipment-rental\\\/\",\"name\":\"Centre d&#039;\u00e9quipement et de sonorisation Denis Inc %pagesep%% Centre d&#039;\u00e9quipement et de sonorisation Denis Inc\",\"isPartOf\":{\"@id\":\"https:\\\/\\\/cesd.qc.ca\\\/#website\"},\"primaryImageOfPage\":{\"@id\":\"https:\\\/\\\/cesd.qc.ca\\\/en\\\/sound-lighting-equipment-rental\\\/#primaryimage\"},\"image\":{\"@id\":\"https:\\\/\\\/cesd.qc.ca\\\/en\\\/sound-lighting-equipment-rental\\\/#primaryimage\"},\"thumbnailUrl\":\"http:\\\/\\\/cesd.qc.ca\\\/media\\\/20201123_111257-768x1024.jpg\",\"datePublished\":\"2020-12-04T14:08:03+00:00\",\"dateModified\":\"2020-12-04T14:08:38+00:00\",\"breadcrumb\":{\"@id\":\"https:\\\/\\\/cesd.qc.ca\\\/en\\\/sound-lighting-equipment-rental\\\/#breadcrumb\"},\"inLanguage\":\"en-US\",\"potentialAction\":[{\"@type\":\"ReadAction\",\"target\":[\"https:\\\/\\\/cesd.qc.ca\\\/en\\\/sound-lighting-equipment-rental\\\/\"]}]},{\"@type\":\"ImageObject\",\"inLanguage\":\"en-US\",\"@id\":\"https:\\\/\\\/cesd.qc.ca\\\/en\\\/sound-lighting-equipment-rental\\\/#primaryimage\",\"url\":\"http:\\\/\\\/cesd.qc.ca\\\/media\\\/20201123_111257-768x1024.jpg\",\"contentUrl\":\"http:\\\/\\\/cesd.qc.ca\\\/media\\\/20201123_111257-768x1024.jpg\"},{\"@type\":\"BreadcrumbList\",\"@id\":\"https:\\\/\\\/cesd.qc.ca\\\/en\\\/sound-lighting-equipment-rental\\\/#breadcrumb\",\"itemListElement\":[{\"@type\":\"ListItem\",\"position\":1,\"name\":\"Home\",\"item\":\"https:\\\/\\\/cesd.qc.ca\\\/en\\\/\"},{\"@type\":\"ListItem\",\"position\":2,\"name\":\"Sound and lighting equipment rental\"}]},{\"@type\":\"WebSite\",\"@id\":\"https:\\\/\\\/cesd.qc.ca\\\/#website\",\"url\":\"https:\\\/\\\/cesd.qc.ca\\\/\",\"name\":\"Centre d&#039;\u00e9quipement et de sonorisation Denis Inc\",\"description\":\"Du son, de l&#039;\u00e9clairage et du vid\u00e9o \u00e0 votre service\",\"publisher\":{\"@id\":\"https:\\\/\\\/cesd.qc.ca\\\/#organization\"},\"potentialAction\":[{\"@type\":\"SearchAction\",\"target\":{\"@type\":\"EntryPoint\",\"urlTemplate\":\"https:\\\/\\\/cesd.qc.ca\\\/?s={search_term_string}\"},\"query-input\":{\"@type\":\"PropertyValueSpecification\",\"valueRequired\":true,\"valueName\":\"search_term_string\"}}],\"inLanguage\":\"en-US\"},{\"@type\":\"Organization\",\"@id\":\"https:\\\/\\\/cesd.qc.ca\\\/#organization\",\"name\":\"Centre d'\u00e9quipement et de sonorisation Denis Inc.\",\"url\":\"https:\\\/\\\/cesd.qc.ca\\\/\",\"logo\":{\"@type\":\"ImageObject\",\"inLanguage\":\"en-US\",\"@id\":\"https:\\\/\\\/cesd.qc.ca\\\/#\\\/schema\\\/logo\\\/image\\\/\",\"url\":\"https:\\\/\\\/cesd.qc.ca\\\/media\\\/logoBleu-cesd-le-11-2014.jpg\",\"contentUrl\":\"https:\\\/\\\/cesd.qc.ca\\\/media\\\/logoBleu-cesd-le-11-2014.jpg\",\"width\":2271,\"height\":420,\"caption\":\"Centre d'\u00e9quipement et de sonorisation Denis Inc.\"},\"image\":{\"@id\":\"https:\\\/\\\/cesd.qc.ca\\\/#\\\/schema\\\/logo\\\/image\\\/\"},\"sameAs\":[\"https:\\\/\\\/www.facebook.com\\\/cesdinc\\\/?ref=bookmarks\",\"https:\\\/\\\/www.linkedin.com\\\/feed\\\/\",\"https:\\\/\\\/www.youtube.com\\\/results?search_query=centre d'\u00e9quipement et de sonorisation\"]}]}<\/script>\n<!-- \/ Yoast SEO plugin. -->","yoast_head_json":{"title":"Centre d&#039;\u00e9quipement et de sonorisation Denis Inc %pagesep%% Centre d&#039;\u00e9quipement et de sonorisation Denis Inc","robots":{"index":"index","follow":"follow","max-snippet":"max-snippet:-1","max-image-preview":"max-image-preview:large","max-video-preview":"max-video-preview:-1"},"canonical":"https:\/\/cesd.qc.ca\/en\/sound-lighting-equipment-rental\/","og_locale":"en_US","og_type":"article","og_title":"Centre d&#039;\u00e9quipement et de sonorisation Denis Inc %pagesep%% Centre d&#039;\u00e9quipement et de sonorisation Denis Inc","og_description":"Everything we carry in stock is available to rent. We have speakers ranging from 100 to 2000 watts &#8211; perfect for any occasion &#8211; wired, or wireless microphones, consoles, mixers, professional grade cd players (single or double), supports and cabling &#8211; and that&#8217;s just some of the audio stuff we offer. We also have light, [&hellip;]","og_url":"https:\/\/cesd.qc.ca\/en\/sound-lighting-equipment-rental\/","og_site_name":"Centre d&#039;\u00e9quipement et de sonorisation Denis Inc","article_publisher":"https:\/\/www.facebook.com\/cesdinc\/?ref=bookmarks","article_modified_time":"2020-12-04T14:08:38+00:00","og_image":[{"width":1024,"height":768,"url":"https:\/\/cesd.qc.ca\/media\/20170114_133457-1024x768.jpg","type":"image\/jpeg"}],"twitter_misc":{"Est. reading time":"3 minutes"},"schema":{"@context":"https:\/\/schema.org","@graph":[{"@type":"WebPage","@id":"https:\/\/cesd.qc.ca\/en\/sound-lighting-equipment-rental\/","url":"https:\/\/cesd.qc.ca\/en\/sound-lighting-equipment-rental\/","name":"Centre d&#039;\u00e9quipement et de sonorisation Denis Inc %pagesep%% Centre d&#039;\u00e9quipement et de sonorisation Denis Inc","isPartOf":{"@id":"https:\/\/cesd.qc.ca\/#website"},"primaryImageOfPage":{"@id":"https:\/\/cesd.qc.ca\/en\/sound-lighting-equipment-rental\/#primaryimage"},"image":{"@id":"https:\/\/cesd.qc.ca\/en\/sound-lighting-equipment-rental\/#primaryimage"},"thumbnailUrl":"https:\/\/cesd.qc.ca\/media\/20201123_111257-768x1024.jpg","datePublished":"2020-12-04T14:08:03+00:00","dateModified":"2020-12-04T14:08:38+00:00","breadcrumb":{"@id":"https:\/\/cesd.qc.ca\/en\/sound-lighting-equipment-rental\/#breadcrumb"},"inLanguage":"en-US","potentialAction":[{"@type":"ReadAction","target":["https:\/\/cesd.qc.ca\/en\/sound-lighting-equipment-rental\/"]}]},{"@type":"ImageObject","inLanguage":"en-US","@id":"https:\/\/cesd.qc.ca\/en\/sound-lighting-equipment-rental\/#primaryimage","url":"https:\/\/cesd.qc.ca\/media\/20201123_111257-768x1024.jpg","contentUrl":"https:\/\/cesd.qc.ca\/media\/20201123_111257-768x1024.jpg"},{"@type":"BreadcrumbList","@id":"https:\/\/cesd.qc.ca\/en\/sound-lighting-equipment-rental\/#breadcrumb","itemListElement":[{"@type":"ListItem","position":1,"name":"Home","item":"https:\/\/cesd.qc.ca\/en\/"},{"@type":"ListItem","position":2,"name":"Sound and lighting equipment rental"}]},{"@type":"WebSite","@id":"https:\/\/cesd.qc.ca\/#website","url":"https:\/\/cesd.qc.ca\/","name":"Centre d&#039;\u00e9quipement et de sonorisation Denis Inc","description":"Du son, de l&#039;\u00e9clairage et du vid\u00e9o \u00e0 votre service","publisher":{"@id":"https:\/\/cesd.qc.ca\/#organization"},"potentialAction":[{"@type":"SearchAction","target":{"@type":"EntryPoint","urlTemplate":"https:\/\/cesd.qc.ca\/?s={search_term_string}"},"query-input":{"@type":"PropertyValueSpecification","valueRequired":true,"valueName":"search_term_string"}}],"inLanguage":"en-US"},{"@type":"Organization","@id":"https:\/\/cesd.qc.ca\/#organization","name":"Centre d'\u00e9quipement et de sonorisation Denis Inc.","url":"https:\/\/cesd.qc.ca\/","logo":{"@type":"ImageObject","inLanguage":"en-US","@id":"https:\/\/cesd.qc.ca\/#\/schema\/logo\/image\/","url":"https:\/\/cesd.qc.ca\/media\/logoBleu-cesd-le-11-2014.jpg","contentUrl":"https:\/\/cesd.qc.ca\/media\/logoBleu-cesd-le-11-2014.jpg","width":2271,"height":420,"caption":"Centre d'\u00e9quipement et de sonorisation Denis Inc."},"image":{"@id":"https:\/\/cesd.qc.ca\/#\/schema\/logo\/image\/"},"sameAs":["https:\/\/www.facebook.com\/cesdinc\/?ref=bookmarks","https:\/\/www.linkedin.com\/feed\/","https:\/\/www.youtube.com\/results?search_query=centre d'\u00e9quipement et de sonorisation"]}]}},"_links":{"self":[{"href":"https:\/\/cesd.qc.ca\/en\/wp-json\/wp\/v2\/pages\/22","targetHints":{"allow":["GET"]}}],"collection":[{"href":"https:\/\/cesd.qc.ca\/en\/wp-json\/wp\/v2\/pages"}],"about":[{"href":"https:\/\/cesd.qc.ca\/en\/wp-json\/wp\/v2\/types\/page"}],"author":[{"embeddable":true,"href":"https:\/\/cesd.qc.ca\/en\/wp-json\/wp\/v2\/users\/1"}],"replies":[{"embeddable":true,"href":"https:\/\/cesd.qc.ca\/en\/wp-json\/wp\/v2\/comments?post=22"}],"version-history":[{"count":6,"href":"https:\/\/cesd.qc.ca\/en\/wp-json\/wp\/v2\/pages\/22\/revisions"}],"predecessor-version":[{"id":1256,"href":"https:\/\/cesd.qc.ca\/en\/wp-json\/wp\/v2\/pages\/22\/revisions\/1256"}],"wp:attachment":[{"href":"https:\/\/cesd.qc.ca\/en\/wp-json\/wp\/v2\/media?parent=22"}],"curies":[{"name":"wp","href":"https:\/\/api.w.org\/{rel}","templated":true}]}}