{"id":24,"date":"2020-12-04T09:01:09","date_gmt":"2020-12-04T14:01:09","guid":{"rendered":"https:\/\/cesd.qc.ca\/?page_id=24"},"modified":"2020-12-04T09:01:14","modified_gmt":"2020-12-04T14:01:14","slug":"equipment-setup-service","status":"publish","type":"page","link":"https:\/\/cesd.qc.ca\/en\/equipment-setup-service\/","title":{"rendered":"Equipment setup and service"},"content":{"rendered":"<div id=\"attachment_351\" style=\"width: 1034px\" class=\"wp-caption alignnone\"><a href=\"https:\/\/cesd.qc.ca\/media\/20161108_161759_001.jpg\"><img loading=\"lazy\" decoding=\"async\" aria-describedby=\"caption-attachment-351\" class=\"wp-image-351 size-large\" src=\"https:\/\/cesd.qc.ca\/media\/20161108_161759_001-1024x768.jpg\" alt=\"Sound, light and accessories\" width=\"1024\" height=\"768\" srcset=\"https:\/\/cesd.qc.ca\/media\/20161108_161759_001-1024x768.jpg 1024w, https:\/\/cesd.qc.ca\/media\/20161108_161759_001-300x225.jpg 300w, https:\/\/cesd.qc.ca\/media\/20161108_161759_001-768x576.jpg 768w, https:\/\/cesd.qc.ca\/media\/20161108_161759_001-1140x855.jpg 1140w\" sizes=\"auto, (max-width: 1024px) 100vw, 1024px\" \/><\/a><p id=\"caption-attachment-351\" class=\"wp-caption-text\">See the new equipment for rent or sale, see this picture.<\/p><\/div>\n<div id=\"attachment_334\" style=\"width: 970px\" class=\"wp-caption alignnone\"><a href=\"https:\/\/cesd.qc.ca\/media\/14322405_1132117593503689_3393354658034096679_n.jpg\"><img loading=\"lazy\" decoding=\"async\" aria-describedby=\"caption-attachment-334\" class=\"size-full wp-image-334\" src=\"https:\/\/cesd.qc.ca\/media\/14322405_1132117593503689_3393354658034096679_n.jpg\" alt=\"Stage Truss and sound\" width=\"960\" height=\"720\" srcset=\"https:\/\/cesd.qc.ca\/media\/14322405_1132117593503689_3393354658034096679_n.jpg 960w, https:\/\/cesd.qc.ca\/media\/14322405_1132117593503689_3393354658034096679_n-300x225.jpg 300w, https:\/\/cesd.qc.ca\/media\/14322405_1132117593503689_3393354658034096679_n-768x576.jpg 768w\" sizes=\"auto, (max-width: 960px) 100vw, 960px\" \/><\/a><p id=\"caption-attachment-334\" class=\"wp-caption-text\">Stage Lighting, sound, truss<\/p><\/div>\n<div id=\"attachment_82\" style=\"width: 310px\" class=\"wp-caption alignright\"><a href=\"https:\/\/cesd.qc.ca\/media\/IMG_20121221_090355.jpg\" rel=\"attachment wp-att-82\"><img loading=\"lazy\" decoding=\"async\" aria-describedby=\"caption-attachment-82\" class=\"wp-image-82 size-medium\" title=\"Montage de sc\u00e8ne, son, \u00e9clairage, \u00e9cran et projecteur\" src=\"https:\/\/cesd.qc.ca\/media\/IMG_20121221_090355-300x225.jpg\" alt=\"Location \u00c9cran g\u00e9ant, son, \u00e9clairage\" width=\"300\" height=\"225\" srcset=\"https:\/\/cesd.qc.ca\/media\/IMG_20121221_090355-300x225.jpg 300w, https:\/\/cesd.qc.ca\/media\/IMG_20121221_090355-1024x768.jpg 1024w, https:\/\/cesd.qc.ca\/media\/IMG_20121221_090355-1140x855.jpg 1140w\" sizes=\"auto, (max-width: 300px) 100vw, 300px\" \/><\/a><p id=\"caption-attachment-82\" class=\"wp-caption-text\">Dans cette photo, nous retrouvons, le service cl\u00e9 en main, installation du syst\u00e8me de son, de l&#8217;\u00e9cran avec projecteur, sc\u00e8ne, \u00c9clairage de sc\u00e8ne.<\/p><\/div>\n<p>We are happy to provide you with installation and setup services. We offer setup services for sound, light and video devices, and can also help with any programming you might need.<\/p>\n<p>We don&#8217;t want you to have any problems with your installation. Let us handle your installation, and we will give you a turn key service.<\/p>\n<p>Whether it&#8217;s for your house, reception hall, outdoor banquet, or other event, we can help set up your audio\/visual equipment.<\/p>\n<p>Need a DJ or MC? we offer that service as well through <a href=\"http:\/\/www.lesanimamusiquesproductions.ca\/\">animamusique<br \/>\n<\/a><\/p>\n<p><strong>Bonjour \u00e0 tous,<\/strong><\/p>\n<p><strong>Voici un petit communiquer sp\u00e9cial \u00e0 notre client\u00e8le du cesd (Centre d\u2019\u00e9quipement et de sonorisation Denis inc)!<\/strong><\/p>\n<p>Ch\u00e8re client du magasin Centre d\u2019\u00e9quipement et de sonorisation Denis inc,<\/p>\n<p>Afin de m\u2019encourag\u00e9 je vous invite de lire ce qui suit.<\/p>\n<p>Pr\u00e9sentement d\u00fb \u00e0 la covid et que le gouvernement \u00e0 fait arr\u00eat\u00e9 tout rassemblement divers, party, les \u00e9v\u00e9nements personnel et corporatif.<\/p>\n<p>Pour ceux qui recherche de l\u2019\u00e9quipement de son, \u00e9clairage, vid\u00e9o et accessoires. Si vous avez une id\u00e9e d\u2019achat que vous aimeriez faire en ce moment c\u2019est le temps de le faire.<\/p>\n<p><strong>Pour voir tous les offres et rabais de mon inventaire, nos produits en ligne qui sont en vente!<\/strong><\/p>\n<p><strong>Allez dans la page vente et cliquer sur Online catalog (qui est en bleu). Vous allez trouver de bons sp\u00e9ciaux en ce moment.<\/strong><\/p>\n<p>Sur la m\u00eame page; Je mets \u00e9galement en PDF un document de ce que j\u2019ai en inventaire avec les prix de vente sp\u00e9cial. Certaine \u00e9quipement sont neuf ou usag\u00e9.<\/p>\n<h3>Vous pouvez m\u2019\u00e9crire \u00e0 ghislain@cesd.qc.ca et me faire la demande de ma liste complet en PDF d\u2019inventaire qui sont en sp\u00e9ciaux pr\u00e9sentement. Du 01 au 23\u00a0d\u00e9cembre\u00a02020 La vente de No\u00ebl jusqu\u2019\u00e0 \u00e9puisement du stock.<\/h3>\n<h3>Des rabais de $ 10 \u00e0 $ 500 sur chaque \u00e9quipement.<\/h3>\n<p>Voici comment fonctionne les rencontres et les paiements.<\/p>\n<p>Avant la rencontre\u00a0:<\/p>\n<p>Vous devez me t\u00e9l\u00e9phoner ou texter sur mon cell : 514-231-3104 afin de prendre votre commande de la rentr\u00e9e dans ma comptabilit\u00e9 et de vous donner un rendez-vous \u00a0\u00e0 mon entrep\u00f4t.<\/p>\n<p>Les heures pour me t\u00e9l\u00e9phoner sont\u00a0:<\/p>\n<p>N\u2019importe quelle jours entre\u00a0: 8\u00a0:00 \u00e0 17\u00a0:00 laisser un message et je vous rappelle.<\/p>\n<p>Pour me parler en direct de 17\u00a0:30 \u00e0 20\u00a0:00.<\/p>\n<p>Pour le paiement peut se faire<\/p>\n<ul>\n<li>Par transfert bancaire le jour m\u00eame sur les lieux ou avant la rencontre.<\/li>\n<li>Par carte de cr\u00e9dit une journ\u00e9e avant afin de vous donner votre coupon d\u2019interac et facture.<\/li>\n<\/ul>\n<p>Les heures de rencontre disponible sont\u00a0:<\/p>\n<p>Lundi\u00a0au vendredi: entre 17\u00a0:30 \u00e0 19\u00a0:00<\/p>\n<p>Samedi et dimanche entre\u00a0: 10\u00a0:00 et 14\u00a0:00<\/p>\n<p>Le lieu de rencontre\u00a0 avec rendez-vous est :<\/p>\n<p>Entrep\u00f4t sous surveillance : D\u00e9potium de la cit\u00e9<\/p>\n<p>3550, Boul. Cit\u00e9 des Jeunes, Local int\u00e9rieur 314-331<\/p>\n<p>Vaudreuil-Dorion.<\/p>\n<p>T\u00e9l\u00a0: 450-452-0451<\/p>\n<p>T\u00e9l\u00e9phone cell\u00a0: 514-231-3104<\/p>\n<p>Courriel\u00a0: ghislain@cesd.qc.ca<\/p>\n<h3>Encouragez un commerce local dans votre r\u00e9gion, c\u2019est de garantir sa survie en affaire!<\/h3>\n<p>Je vous remercie \u00e0 vous ch\u00e8re client\u00e8le fid\u00e8le.<\/p>\n<p>Mes Sinc\u00e8re salutation,<\/p>\n<p>Ghyslain Denis du centre d\u2019\u00e9quipement de sonorisation Denis inc<\/p>\n<p>Appelez-moi des aujourd\u2019hui au 514-231-3104 et on ce donne rendez-vous!<\/p>\n<p>On va y arriver tous ensembles,<\/p>\n<h2>Venez aimer notre page Facebook\u00a0<a href=\"https:\/\/www.facebook.com\/cesdinc\/\">\u00a0https:\/\/www.facebook.com\/cesdinc\/?ref=bookmarks.<\/a><\/h2>\n","protected":false},"excerpt":{"rendered":"<p>We are happy to provide you with installation and setup services. We offer setup services for sound, light and video devices, and can also help with any programming you might need. We don&#8217;t want you to have any problems with your installation. Let us handle your installation, and we will give you a turn key [&hellip;]<\/p>\n","protected":false},"author":1,"featured_media":347,"parent":0,"menu_order":0,"comment_status":"open","ping_status":"open","template":"","meta":{"inline_featured_image":false,"footnotes":""},"class_list":["post-24","page","type-page","status-publish","has-post-thumbnail","hentry"],"yoast_head":"<!-- This site is optimized with the Yoast SEO plugin v27.3 - https:\/\/yoast.com\/product\/yoast-seo-wordpress\/ -->\n<title>Centre d&#039;\u00e9quipement et de sonorisation Denis Inc %pagesep%% Centre d&#039;\u00e9quipement et de sonorisation Denis Inc<\/title>\n<meta name=\"robots\" content=\"index, follow, max-snippet:-1, max-image-preview:large, max-video-preview:-1\" \/>\n<link rel=\"canonical\" href=\"https:\/\/cesd.qc.ca\/en\/\" \/>\n<meta property=\"og:locale\" content=\"en_US\" \/>\n<meta property=\"og:type\" content=\"article\" \/>\n<meta property=\"og:title\" content=\"Centre d&#039;\u00e9quipement et de sonorisation Denis Inc %pagesep%% Centre d&#039;\u00e9quipement et de sonorisation Denis Inc\" \/>\n<meta property=\"og:description\" content=\"We are happy to provide you with installation and setup services. We offer setup services for sound, light and video devices, and can also help with any programming you might need. We don&#8217;t want you to have any problems with your installation. Let us handle your installation, and we will give you a turn key [&hellip;]\" \/>\n<meta property=\"og:url\" content=\"https:\/\/cesd.qc.ca\/en\/\" \/>\n<meta property=\"og:site_name\" content=\"Centre d&#039;\u00e9quipement et de sonorisation Denis Inc\" \/>\n<meta property=\"article:publisher\" content=\"https:\/\/www.facebook.com\/cesdinc\/?ref=bookmarks\" \/>\n<meta property=\"article:modified_time\" content=\"2020-12-04T14:01:14+00:00\" \/>\n<meta property=\"og:image\" content=\"https:\/\/cesd.qc.ca\/media\/14991791_1174691045913010_3680244981858846931_n.jpg\" \/>\n\t<meta property=\"og:image:width\" content=\"725\" \/>\n\t<meta property=\"og:image:height\" content=\"480\" \/>\n\t<meta property=\"og:image:type\" content=\"image\/jpeg\" \/>\n<meta name=\"twitter:label1\" content=\"Est. reading time\" \/>\n\t<meta name=\"twitter:data1\" content=\"3 minutes\" \/>\n<script type=\"application\/ld+json\" class=\"yoast-schema-graph\">{\"@context\":\"https:\\\/\\\/schema.org\",\"@graph\":[{\"@type\":\"WebPage\",\"@id\":\"https:\\\/\\\/cesd.qc.ca\\\/en\\\/\",\"url\":\"https:\\\/\\\/cesd.qc.ca\\\/en\\\/\",\"name\":\"Centre d&#039;\u00e9quipement et de sonorisation Denis Inc %pagesep%% Centre d&#039;\u00e9quipement et de sonorisation Denis Inc\",\"isPartOf\":{\"@id\":\"https:\\\/\\\/cesd.qc.ca\\\/#website\"},\"primaryImageOfPage\":{\"@id\":\"https:\\\/\\\/cesd.qc.ca\\\/en\\\/#primaryimage\"},\"image\":{\"@id\":\"https:\\\/\\\/cesd.qc.ca\\\/en\\\/#primaryimage\"},\"thumbnailUrl\":\"https:\\\/\\\/cesd.qc.ca\\\/media\\\/14991791_1174691045913010_3680244981858846931_n.jpg\",\"datePublished\":\"2020-12-04T14:01:09+00:00\",\"dateModified\":\"2020-12-04T14:01:14+00:00\",\"breadcrumb\":{\"@id\":\"https:\\\/\\\/cesd.qc.ca\\\/en\\\/#breadcrumb\"},\"inLanguage\":\"en-US\",\"potentialAction\":[{\"@type\":\"ReadAction\",\"target\":[\"https:\\\/\\\/cesd.qc.ca\\\/en\\\/\"]}]},{\"@type\":\"ImageObject\",\"inLanguage\":\"en-US\",\"@id\":\"https:\\\/\\\/cesd.qc.ca\\\/en\\\/#primaryimage\",\"url\":\"https:\\\/\\\/cesd.qc.ca\\\/media\\\/14991791_1174691045913010_3680244981858846931_n.jpg\",\"contentUrl\":\"https:\\\/\\\/cesd.qc.ca\\\/media\\\/14991791_1174691045913010_3680244981858846931_n.jpg\",\"width\":725,\"height\":480},{\"@type\":\"BreadcrumbList\",\"@id\":\"https:\\\/\\\/cesd.qc.ca\\\/en\\\/#breadcrumb\",\"itemListElement\":[{\"@type\":\"ListItem\",\"position\":1,\"name\":\"Home\",\"item\":\"https:\\\/\\\/cesd.qc.ca\\\/en\\\/\"},{\"@type\":\"ListItem\",\"position\":2,\"name\":\"Equipment setup and service\"}]},{\"@type\":\"WebSite\",\"@id\":\"https:\\\/\\\/cesd.qc.ca\\\/#website\",\"url\":\"https:\\\/\\\/cesd.qc.ca\\\/\",\"name\":\"Centre d&#039;\u00e9quipement et de sonorisation Denis Inc\",\"description\":\"Du son, de l&#039;\u00e9clairage et du vid\u00e9o \u00e0 votre service\",\"publisher\":{\"@id\":\"https:\\\/\\\/cesd.qc.ca\\\/#organization\"},\"potentialAction\":[{\"@type\":\"SearchAction\",\"target\":{\"@type\":\"EntryPoint\",\"urlTemplate\":\"https:\\\/\\\/cesd.qc.ca\\\/?s={search_term_string}\"},\"query-input\":{\"@type\":\"PropertyValueSpecification\",\"valueRequired\":true,\"valueName\":\"search_term_string\"}}],\"inLanguage\":\"en-US\"},{\"@type\":\"Organization\",\"@id\":\"https:\\\/\\\/cesd.qc.ca\\\/#organization\",\"name\":\"Centre d'\u00e9quipement et de sonorisation Denis Inc.\",\"url\":\"https:\\\/\\\/cesd.qc.ca\\\/\",\"logo\":{\"@type\":\"ImageObject\",\"inLanguage\":\"en-US\",\"@id\":\"https:\\\/\\\/cesd.qc.ca\\\/#\\\/schema\\\/logo\\\/image\\\/\",\"url\":\"https:\\\/\\\/cesd.qc.ca\\\/media\\\/logoBleu-cesd-le-11-2014.jpg\",\"contentUrl\":\"https:\\\/\\\/cesd.qc.ca\\\/media\\\/logoBleu-cesd-le-11-2014.jpg\",\"width\":2271,\"height\":420,\"caption\":\"Centre d'\u00e9quipement et de sonorisation Denis Inc.\"},\"image\":{\"@id\":\"https:\\\/\\\/cesd.qc.ca\\\/#\\\/schema\\\/logo\\\/image\\\/\"},\"sameAs\":[\"https:\\\/\\\/www.facebook.com\\\/cesdinc\\\/?ref=bookmarks\",\"https:\\\/\\\/www.linkedin.com\\\/feed\\\/\",\"https:\\\/\\\/www.youtube.com\\\/results?search_query=centre d'\u00e9quipement et de sonorisation\"]}]}<\/script>\n<!-- \/ Yoast SEO plugin. -->","yoast_head_json":{"title":"Centre d&#039;\u00e9quipement et de sonorisation Denis Inc %pagesep%% Centre d&#039;\u00e9quipement et de sonorisation Denis Inc","robots":{"index":"index","follow":"follow","max-snippet":"max-snippet:-1","max-image-preview":"max-image-preview:large","max-video-preview":"max-video-preview:-1"},"canonical":"https:\/\/cesd.qc.ca\/en\/","og_locale":"en_US","og_type":"article","og_title":"Centre d&#039;\u00e9quipement et de sonorisation Denis Inc %pagesep%% Centre d&#039;\u00e9quipement et de sonorisation Denis Inc","og_description":"We are happy to provide you with installation and setup services. We offer setup services for sound, light and video devices, and can also help with any programming you might need. We don&#8217;t want you to have any problems with your installation. Let us handle your installation, and we will give you a turn key [&hellip;]","og_url":"https:\/\/cesd.qc.ca\/en\/","og_site_name":"Centre d&#039;\u00e9quipement et de sonorisation Denis Inc","article_publisher":"https:\/\/www.facebook.com\/cesdinc\/?ref=bookmarks","article_modified_time":"2020-12-04T14:01:14+00:00","og_image":[{"width":725,"height":480,"url":"https:\/\/cesd.qc.ca\/media\/14991791_1174691045913010_3680244981858846931_n.jpg","type":"image\/jpeg"}],"twitter_misc":{"Est. reading time":"3 minutes"},"schema":{"@context":"https:\/\/schema.org","@graph":[{"@type":"WebPage","@id":"https:\/\/cesd.qc.ca\/en\/","url":"https:\/\/cesd.qc.ca\/en\/","name":"Centre d&#039;\u00e9quipement et de sonorisation Denis Inc %pagesep%% Centre d&#039;\u00e9quipement et de sonorisation Denis Inc","isPartOf":{"@id":"https:\/\/cesd.qc.ca\/#website"},"primaryImageOfPage":{"@id":"https:\/\/cesd.qc.ca\/en\/#primaryimage"},"image":{"@id":"https:\/\/cesd.qc.ca\/en\/#primaryimage"},"thumbnailUrl":"https:\/\/cesd.qc.ca\/media\/14991791_1174691045913010_3680244981858846931_n.jpg","datePublished":"2020-12-04T14:01:09+00:00","dateModified":"2020-12-04T14:01:14+00:00","breadcrumb":{"@id":"https:\/\/cesd.qc.ca\/en\/#breadcrumb"},"inLanguage":"en-US","potentialAction":[{"@type":"ReadAction","target":["https:\/\/cesd.qc.ca\/en\/"]}]},{"@type":"ImageObject","inLanguage":"en-US","@id":"https:\/\/cesd.qc.ca\/en\/#primaryimage","url":"https:\/\/cesd.qc.ca\/media\/14991791_1174691045913010_3680244981858846931_n.jpg","contentUrl":"https:\/\/cesd.qc.ca\/media\/14991791_1174691045913010_3680244981858846931_n.jpg","width":725,"height":480},{"@type":"BreadcrumbList","@id":"https:\/\/cesd.qc.ca\/en\/#breadcrumb","itemListElement":[{"@type":"ListItem","position":1,"name":"Home","item":"https:\/\/cesd.qc.ca\/en\/"},{"@type":"ListItem","position":2,"name":"Equipment setup and service"}]},{"@type":"WebSite","@id":"https:\/\/cesd.qc.ca\/#website","url":"https:\/\/cesd.qc.ca\/","name":"Centre d&#039;\u00e9quipement et de sonorisation Denis Inc","description":"Du son, de l&#039;\u00e9clairage et du vid\u00e9o \u00e0 votre service","publisher":{"@id":"https:\/\/cesd.qc.ca\/#organization"},"potentialAction":[{"@type":"SearchAction","target":{"@type":"EntryPoint","urlTemplate":"https:\/\/cesd.qc.ca\/?s={search_term_string}"},"query-input":{"@type":"PropertyValueSpecification","valueRequired":true,"valueName":"search_term_string"}}],"inLanguage":"en-US"},{"@type":"Organization","@id":"https:\/\/cesd.qc.ca\/#organization","name":"Centre d'\u00e9quipement et de sonorisation Denis Inc.","url":"https:\/\/cesd.qc.ca\/","logo":{"@type":"ImageObject","inLanguage":"en-US","@id":"https:\/\/cesd.qc.ca\/#\/schema\/logo\/image\/","url":"https:\/\/cesd.qc.ca\/media\/logoBleu-cesd-le-11-2014.jpg","contentUrl":"https:\/\/cesd.qc.ca\/media\/logoBleu-cesd-le-11-2014.jpg","width":2271,"height":420,"caption":"Centre d'\u00e9quipement et de sonorisation Denis Inc."},"image":{"@id":"https:\/\/cesd.qc.ca\/#\/schema\/logo\/image\/"},"sameAs":["https:\/\/www.facebook.com\/cesdinc\/?ref=bookmarks","https:\/\/www.linkedin.com\/feed\/","https:\/\/www.youtube.com\/results?search_query=centre d'\u00e9quipement et de sonorisation"]}]}},"_links":{"self":[{"href":"https:\/\/cesd.qc.ca\/en\/wp-json\/wp\/v2\/pages\/24","targetHints":{"allow":["GET"]}}],"collection":[{"href":"https:\/\/cesd.qc.ca\/en\/wp-json\/wp\/v2\/pages"}],"about":[{"href":"https:\/\/cesd.qc.ca\/en\/wp-json\/wp\/v2\/types\/page"}],"author":[{"embeddable":true,"href":"https:\/\/cesd.qc.ca\/en\/wp-json\/wp\/v2\/users\/1"}],"replies":[{"embeddable":true,"href":"https:\/\/cesd.qc.ca\/en\/wp-json\/wp\/v2\/comments?post=24"}],"version-history":[{"count":5,"href":"https:\/\/cesd.qc.ca\/en\/wp-json\/wp\/v2\/pages\/24\/revisions"}],"predecessor-version":[{"id":1251,"href":"https:\/\/cesd.qc.ca\/en\/wp-json\/wp\/v2\/pages\/24\/revisions\/1251"}],"wp:featuredmedia":[{"embeddable":true,"href":"https:\/\/cesd.qc.ca\/en\/wp-json\/wp\/v2\/media\/347"}],"wp:attachment":[{"href":"https:\/\/cesd.qc.ca\/en\/wp-json\/wp\/v2\/media?parent=24"}],"curies":[{"name":"wp","href":"https:\/\/api.w.org\/{rel}","templated":true}]}}