{"id":273,"date":"2020-12-04T08:50:26","date_gmt":"2020-12-04T13:50:26","guid":{"rendered":"https:\/\/cesd.qc.ca\/?page_id=273"},"modified":"2020-12-04T08:50:28","modified_gmt":"2020-12-04T13:50:28","slug":"audio-visual-equipment-in-ile-perrot-qc","status":"publish","type":"page","link":"https:\/\/cesd.qc.ca\/en\/audio-visual-equipment-in-ile-perrot-qc\/","title":{"rendered":"Audio Visual Equipment in Ile-Perrot, QC"},"content":{"rendered":"<p><strong>At the Centre d\u2019\u00e9quipement et de Sonorisation Denis <\/strong>in Ile-Perrot, QC. we specialize in the sale and rental of sound and lighting equipment. We listen to your needs and offer the best prices and advice Ile-Perrot area.<\/p>\n<p>We have everything you need to make your event a success. At the Centre d\u2019\u00e9quipement et de Sonorisation Denis in Ile-Perrot, QC. you will find amplified speakers, sub woofer, consoles, mixers, microphones, professional cd players and more.<\/p>\n<p>At Ile-Perrot, QC we provide audio visual equipment sales, rental and repair also in\u00a0<span class=\"s1\">Ile-Perrot, Pincourt, Vaudreuil-Dorion, Saint-Lazare, Rigaud, Montr\u00e9al, Montr\u00e9al ouest, Saint-Zotique, Salaberry de Valleyfield, Les C\u00e8dres, Hudson, Saint-Anicet, Saint-Clet, Terrasse-Vaudreuil, Vaudreuil-Soulanges, Notre-Dame-de-L &#8216;Ile-Perrot, Sainte-Justine-de-Newton.<\/span><\/p>\n<p><span style=\"line-height: 1.5;\">Come visit us at Centre d\u2019\u00e9quipement et de Sonorisation Denis in Pincourt, QC. for help and advice on your future purchase or rental, or take advantage of our setup and install services.<\/span><\/p>\n<p><strong>Pour voir tous les offres et rabais de mon inventaire, nos produits en ligne qui sont en vente!<\/strong><\/p>\n<p><strong>Allez dans la page vente et cliquer sur Online catalog (qui est en bleu). Vous allez trouver de bons sp\u00e9ciaux en ce moment.<\/strong><\/p>\n<p>Sur la m\u00eame page; Je mets \u00e9galement en PDF un document de ce que j\u2019ai en inventaire avec les prix de vente sp\u00e9cial. Certaine \u00e9quipement sont neuf ou usag\u00e9.<\/p>\n<h3>Vous pouvez m\u2019\u00e9crire \u00e0 ghislain@cesd.qc.ca et me faire la demande de ma liste complet en PDF d\u2019inventaire qui sont en sp\u00e9ciaux pr\u00e9sentement. Du 01 au 23\u00a0d\u00e9cembre\u00a02020 La vente de No\u00ebl jusqu\u2019\u00e0 \u00e9puisement du stock.<\/h3>\n<h3>Des rabais de $ 10 \u00e0 $ 500 sur chaque \u00e9quipement.<\/h3>\n<div id=\"attachment_705\" style=\"width: 1034px\" class=\"wp-caption alignnone\"><a href=\"https:\/\/cesd.qc.ca\/media\/20180902_2009021.jpg\"><img loading=\"lazy\" decoding=\"async\" aria-describedby=\"caption-attachment-705\" class=\"size-large wp-image-705\" src=\"https:\/\/cesd.qc.ca\/media\/20180902_2009021-1024x768.jpg\" alt=\"Pont d'\u00e9clairage en arche\" width=\"1024\" height=\"768\" srcset=\"https:\/\/cesd.qc.ca\/media\/20180902_2009021-1024x768.jpg 1024w, https:\/\/cesd.qc.ca\/media\/20180902_2009021-300x225.jpg 300w, https:\/\/cesd.qc.ca\/media\/20180902_2009021-768x576.jpg 768w, https:\/\/cesd.qc.ca\/media\/20180902_2009021-1140x855.jpg 1140w\" sizes=\"auto, (max-width: 1024px) 100vw, 1024px\" \/><\/a><p id=\"caption-attachment-705\" class=\"wp-caption-text\">Pont d&#8217;\u00e9clairage en arche,<br \/>Description, Mis party et Mis laser, Lumi\u00e8re Aton Ak22 Led Par RGBW+ Uv<\/p><\/div>\n<div id=\"attachment_671\" style=\"width: 1034px\" class=\"wp-caption alignnone\"><a href=\"https:\/\/cesd.qc.ca\/media\/slide3-1.jpg\"><img loading=\"lazy\" decoding=\"async\" aria-describedby=\"caption-attachment-671\" class=\"size-large wp-image-671\" src=\"https:\/\/cesd.qc.ca\/media\/slide3-1-1024x320.jpg\" alt=\"Les Produits Phonic Audio.\" width=\"1024\" height=\"320\" \/><\/a><p id=\"caption-attachment-671\" class=\"wp-caption-text\">Les Produits Phonic Audio.<\/p><\/div>\n<div id=\"attachment_683\" style=\"width: 1034px\" class=\"wp-caption alignnone\"><a href=\"https:\/\/cesd.qc.ca\/media\/im-IS16-front.jpg\"><img loading=\"lazy\" decoding=\"async\" aria-describedby=\"caption-attachment-683\" class=\"size-large wp-image-683\" src=\"https:\/\/cesd.qc.ca\/media\/im-IS16-front-1024x1024.jpg\" alt=\"\" width=\"1024\" height=\"1024\" srcset=\"https:\/\/cesd.qc.ca\/media\/im-IS16-front-1024x1024.jpg 1024w, https:\/\/cesd.qc.ca\/media\/im-IS16-front-150x150.jpg 150w, https:\/\/cesd.qc.ca\/media\/im-IS16-front-300x300.jpg 300w, https:\/\/cesd.qc.ca\/media\/im-IS16-front-768x768.jpg 768w, https:\/\/cesd.qc.ca\/media\/im-IS16-front-1140x1140.jpg 1140w, https:\/\/cesd.qc.ca\/media\/im-IS16-front.jpg 1200w\" sizes=\"auto, (max-width: 1024px) 100vw, 1024px\" \/><\/a><p id=\"caption-attachment-683\" class=\"wp-caption-text\">Phonic model IS16,<br \/>Console digital 16 caneaux<br \/>Nouveaut\u00e9 en magasin<\/p><\/div>\n<div id=\"attachment_682\" style=\"width: 921px\" class=\"wp-caption alignnone\"><a href=\"https:\/\/cesd.qc.ca\/media\/im-Acapela16-front.jpg\"><img loading=\"lazy\" decoding=\"async\" aria-describedby=\"caption-attachment-682\" class=\"size-large wp-image-682\" src=\"https:\/\/cesd.qc.ca\/media\/im-Acapela16-front-911x1024.jpg\" alt=\"\" width=\"911\" height=\"1024\" srcset=\"https:\/\/cesd.qc.ca\/media\/im-Acapela16-front-911x1024.jpg 911w, https:\/\/cesd.qc.ca\/media\/im-Acapela16-front-267x300.jpg 267w, https:\/\/cesd.qc.ca\/media\/im-Acapela16-front-768x864.jpg 768w, https:\/\/cesd.qc.ca\/media\/im-Acapela16-front.jpg 1067w\" sizes=\"auto, (max-width: 911px) 100vw, 911px\" \/><\/a><p id=\"caption-attachment-682\" class=\"wp-caption-text\">Phonic model Acapela 16, console digital 16 caneaux<\/p><\/div>\n<div id=\"attachment_680\" style=\"width: 1034px\" class=\"wp-caption alignnone\"><a href=\"https:\/\/cesd.qc.ca\/media\/Concert_288_Dual-Handheld_System-1.jpg\"><img loading=\"lazy\" decoding=\"async\" aria-describedby=\"caption-attachment-680\" class=\"size-large wp-image-680\" src=\"https:\/\/cesd.qc.ca\/media\/Concert_288_Dual-Handheld_System-1-1024x560.jpg\" alt=\"\" width=\"1024\" height=\"560\" srcset=\"https:\/\/cesd.qc.ca\/media\/Concert_288_Dual-Handheld_System-1-1024x560.jpg 1024w, https:\/\/cesd.qc.ca\/media\/Concert_288_Dual-Handheld_System-1-300x164.jpg 300w, https:\/\/cesd.qc.ca\/media\/Concert_288_Dual-Handheld_System-1-768x420.jpg 768w, https:\/\/cesd.qc.ca\/media\/Concert_288_Dual-Handheld_System-1-1140x623.jpg 1140w, https:\/\/cesd.qc.ca\/media\/Concert_288_Dual-Handheld_System-1.jpg 1500w\" sizes=\"auto, (max-width: 1024px) 100vw, 1024px\" \/><\/a><p id=\"caption-attachment-680\" class=\"wp-caption-text\">Samson, model Concert 288, deux micro main sans fils avec chacun son volume et prix XLR.<\/p><\/div>\n<div id=\"attachment_673\" style=\"width: 300px\" class=\"wp-caption alignnone\"><a href=\"https:\/\/cesd.qc.ca\/media\/Concert_88_Headset_System_1-thumb_medium.jpg\"><img loading=\"lazy\" decoding=\"async\" aria-describedby=\"caption-attachment-673\" class=\"size-large wp-image-673\" src=\"https:\/\/cesd.qc.ca\/media\/Concert_88_Headset_System_1-thumb_medium.jpg\" alt=\"\" width=\"290\" height=\"232\" \/><\/a><p id=\"caption-attachment-673\" class=\"wp-caption-text\">Samson Head set model Concert 88.<br \/>16 fr\u00e9quences, prise XLR<\/p><\/div>\n<div id=\"attachment_650\" style=\"width: 1034px\" class=\"wp-caption alignnone\"><a href=\"https:\/\/cesd.qc.ca\/media\/20161108_160909_001-1-e1530303144446.jpg\"><img loading=\"lazy\" decoding=\"async\" aria-describedby=\"caption-attachment-650\" class=\"size-large wp-image-650\" src=\"https:\/\/cesd.qc.ca\/media\/20161108_160909_001-1-1024x768.jpg\" alt=\"Magasin de son, \u00e9clairage, video, service\" width=\"1024\" height=\"768\" \/><\/a><p id=\"caption-attachment-650\" class=\"wp-caption-text\">Magasin de son, \u00e9clairage, video, service,<br \/>Vente et location avec service de sonorisation et musique.<\/p><\/div>\n<div id=\"attachment_581\" style=\"width: 1034px\" class=\"wp-caption alignnone\"><a href=\"https:\/\/cesd.qc.ca\/media\/20171022_011236.jpg\"><img loading=\"lazy\" decoding=\"async\" aria-describedby=\"caption-attachment-581\" class=\"size-large wp-image-581\" src=\"https:\/\/cesd.qc.ca\/media\/20171022_011236-1024x768.jpg\" alt=\"\u00c9cran de projection 6 x 8 en inventaire\" width=\"1024\" height=\"768\" srcset=\"https:\/\/cesd.qc.ca\/media\/20171022_011236-1024x768.jpg 1024w, https:\/\/cesd.qc.ca\/media\/20171022_011236-300x225.jpg 300w, https:\/\/cesd.qc.ca\/media\/20171022_011236-768x576.jpg 768w, https:\/\/cesd.qc.ca\/media\/20171022_011236-1140x855.jpg 1140w\" sizes=\"auto, (max-width: 1024px) 100vw, 1024px\" \/><\/a><p id=\"caption-attachment-581\" class=\"wp-caption-text\">\u00c9cran de projection grandeur 6 x 8 avec rideau de velour .<\/p><\/div>\n<p><a href=\"https:\/\/cesd.qc.ca\/media\/20171020_220849.jpg\"><img loading=\"lazy\" decoding=\"async\" class=\"alignnone size-large wp-image-580\" src=\"https:\/\/cesd.qc.ca\/media\/20171020_220849-1024x768.jpg\" alt=\"\" width=\"1024\" height=\"768\" srcset=\"https:\/\/cesd.qc.ca\/media\/20171020_220849-1024x768.jpg 1024w, https:\/\/cesd.qc.ca\/media\/20171020_220849-300x225.jpg 300w, https:\/\/cesd.qc.ca\/media\/20171020_220849-768x576.jpg 768w, https:\/\/cesd.qc.ca\/media\/20171020_220849-1140x855.jpg 1140w\" sizes=\"auto, (max-width: 1024px) 100vw, 1024px\" \/><\/a> <a href=\"https:\/\/cesd.qc.ca\/media\/20171020_220845.jpg\"><img loading=\"lazy\" decoding=\"async\" class=\"alignnone size-large wp-image-579\" src=\"https:\/\/cesd.qc.ca\/media\/20171020_220845-1024x768.jpg\" alt=\"\" width=\"1024\" height=\"768\" srcset=\"https:\/\/cesd.qc.ca\/media\/20171020_220845-1024x768.jpg 1024w, https:\/\/cesd.qc.ca\/media\/20171020_220845-300x225.jpg 300w, https:\/\/cesd.qc.ca\/media\/20171020_220845-768x576.jpg 768w, https:\/\/cesd.qc.ca\/media\/20171020_220845-1140x855.jpg 1140w\" sizes=\"auto, (max-width: 1024px) 100vw, 1024px\" \/><\/a> <a href=\"https:\/\/cesd.qc.ca\/media\/20171020_220842.jpg\"><img loading=\"lazy\" decoding=\"async\" class=\"alignnone size-large wp-image-578\" src=\"https:\/\/cesd.qc.ca\/media\/20171020_220842-1024x768.jpg\" alt=\"\" width=\"1024\" height=\"768\" srcset=\"https:\/\/cesd.qc.ca\/media\/20171020_220842-1024x768.jpg 1024w, https:\/\/cesd.qc.ca\/media\/20171020_220842-300x225.jpg 300w, https:\/\/cesd.qc.ca\/media\/20171020_220842-768x576.jpg 768w, https:\/\/cesd.qc.ca\/media\/20171020_220842-1140x855.jpg 1140w\" sizes=\"auto, (max-width: 1024px) 100vw, 1024px\" \/><\/a> <a href=\"https:\/\/cesd.qc.ca\/media\/20171020_220833.jpg\"><img loading=\"lazy\" decoding=\"async\" class=\"alignnone size-large wp-image-576\" src=\"https:\/\/cesd.qc.ca\/media\/20171020_220833-1024x768.jpg\" alt=\"\" width=\"1024\" height=\"768\" srcset=\"https:\/\/cesd.qc.ca\/media\/20171020_220833-1024x768.jpg 1024w, https:\/\/cesd.qc.ca\/media\/20171020_220833-300x225.jpg 300w, https:\/\/cesd.qc.ca\/media\/20171020_220833-768x576.jpg 768w, https:\/\/cesd.qc.ca\/media\/20171020_220833-1140x855.jpg 1140w\" sizes=\"auto, (max-width: 1024px) 100vw, 1024px\" \/><\/a><\/p>\n","protected":false},"excerpt":{"rendered":"<p>At the Centre d\u2019\u00e9quipement et de Sonorisation Denis in Ile-Perrot, QC. we specialize in the sale and rental of sound and lighting equipment. We listen to your needs and offer the best prices and advice Ile-Perrot area. We have everything you need to make your event a success. At the Centre d\u2019\u00e9quipement et de Sonorisation [&hellip;]<\/p>\n","protected":false},"author":2,"featured_media":350,"parent":0,"menu_order":0,"comment_status":"closed","ping_status":"closed","template":"","meta":{"inline_featured_image":false,"footnotes":""},"class_list":["post-273","page","type-page","status-publish","has-post-thumbnail","hentry"],"yoast_head":"<!-- This site is optimized with the Yoast SEO plugin v27.3 - https:\/\/yoast.com\/product\/yoast-seo-wordpress\/ -->\n<title>Audio Visual Equipment Rental &amp; Sales in Pincourt, QC<\/title>\n<meta name=\"description\" content=\"We provide audio visual equipment sales, rental and repair\u00a0in\u00a0Ile-Perrot, QC. Call us at 450-452-0451 for more information.\" \/>\n<meta name=\"robots\" content=\"index, follow, max-snippet:-1, max-image-preview:large, max-video-preview:-1\" \/>\n<link rel=\"canonical\" href=\"https:\/\/cesd.qc.ca\/en\/audio-visual-equipment-in-ile-perrot-qc\/\" \/>\n<meta property=\"og:locale\" content=\"en_US\" \/>\n<meta property=\"og:type\" content=\"article\" \/>\n<meta property=\"og:title\" content=\"Audio Visual Equipment Rental &amp; Sales in Pincourt, QC\" \/>\n<meta property=\"og:description\" content=\"We provide audio visual equipment sales, rental and repair\u00a0in\u00a0Ile-Perrot, QC. Call us at 450-452-0451 for more information.\" \/>\n<meta property=\"og:url\" content=\"https:\/\/cesd.qc.ca\/en\/audio-visual-equipment-in-ile-perrot-qc\/\" \/>\n<meta property=\"og:site_name\" content=\"Centre d&#039;\u00e9quipement et de sonorisation Denis Inc\" \/>\n<meta property=\"article:publisher\" content=\"https:\/\/www.facebook.com\/cesdinc\/?ref=bookmarks\" \/>\n<meta property=\"article:modified_time\" content=\"2020-12-04T13:50:28+00:00\" \/>\n<meta property=\"og:image\" content=\"https:\/\/cesd.qc.ca\/media\/20161108_160909_001-1024x768.jpg\" \/>\n\t<meta property=\"og:image:width\" content=\"1024\" \/>\n\t<meta property=\"og:image:height\" content=\"768\" \/>\n\t<meta property=\"og:image:type\" content=\"image\/jpeg\" \/>\n<meta name=\"twitter:label1\" content=\"Est. reading time\" \/>\n\t<meta name=\"twitter:data1\" content=\"2 minutes\" \/>\n<script type=\"application\/ld+json\" class=\"yoast-schema-graph\">{\"@context\":\"https:\\\/\\\/schema.org\",\"@graph\":[{\"@type\":\"WebPage\",\"@id\":\"https:\\\/\\\/cesd.qc.ca\\\/en\\\/audio-visual-equipment-in-ile-perrot-qc\\\/\",\"url\":\"https:\\\/\\\/cesd.qc.ca\\\/en\\\/audio-visual-equipment-in-ile-perrot-qc\\\/\",\"name\":\"Audio Visual Equipment Rental & Sales in Pincourt, QC\",\"isPartOf\":{\"@id\":\"https:\\\/\\\/cesd.qc.ca\\\/#website\"},\"primaryImageOfPage\":{\"@id\":\"https:\\\/\\\/cesd.qc.ca\\\/en\\\/audio-visual-equipment-in-ile-perrot-qc\\\/#primaryimage\"},\"image\":{\"@id\":\"https:\\\/\\\/cesd.qc.ca\\\/en\\\/audio-visual-equipment-in-ile-perrot-qc\\\/#primaryimage\"},\"thumbnailUrl\":\"https:\\\/\\\/cesd.qc.ca\\\/media\\\/20161108_160909_001.jpg\",\"datePublished\":\"2020-12-04T13:50:26+00:00\",\"dateModified\":\"2020-12-04T13:50:28+00:00\",\"description\":\"We provide audio visual equipment sales, rental and repair\u00a0in\u00a0Ile-Perrot, QC. Call us at 450-452-0451 for more information.\",\"breadcrumb\":{\"@id\":\"https:\\\/\\\/cesd.qc.ca\\\/en\\\/audio-visual-equipment-in-ile-perrot-qc\\\/#breadcrumb\"},\"inLanguage\":\"en-US\",\"potentialAction\":[{\"@type\":\"ReadAction\",\"target\":[\"https:\\\/\\\/cesd.qc.ca\\\/en\\\/audio-visual-equipment-in-ile-perrot-qc\\\/\"]}]},{\"@type\":\"ImageObject\",\"inLanguage\":\"en-US\",\"@id\":\"https:\\\/\\\/cesd.qc.ca\\\/en\\\/audio-visual-equipment-in-ile-perrot-qc\\\/#primaryimage\",\"url\":\"https:\\\/\\\/cesd.qc.ca\\\/media\\\/20161108_160909_001.jpg\",\"contentUrl\":\"https:\\\/\\\/cesd.qc.ca\\\/media\\\/20161108_160909_001.jpg\",\"width\":4032,\"height\":3024,\"caption\":\"Voici notre magasin en vente et location.\"},{\"@type\":\"BreadcrumbList\",\"@id\":\"https:\\\/\\\/cesd.qc.ca\\\/en\\\/audio-visual-equipment-in-ile-perrot-qc\\\/#breadcrumb\",\"itemListElement\":[{\"@type\":\"ListItem\",\"position\":1,\"name\":\"Home\",\"item\":\"https:\\\/\\\/cesd.qc.ca\\\/en\\\/\"},{\"@type\":\"ListItem\",\"position\":2,\"name\":\"Audio Visual Equipment in Ile-Perrot, QC\"}]},{\"@type\":\"WebSite\",\"@id\":\"https:\\\/\\\/cesd.qc.ca\\\/#website\",\"url\":\"https:\\\/\\\/cesd.qc.ca\\\/\",\"name\":\"Centre d&#039;\u00e9quipement et de sonorisation Denis Inc\",\"description\":\"Du son, de l&#039;\u00e9clairage et du vid\u00e9o \u00e0 votre service\",\"publisher\":{\"@id\":\"https:\\\/\\\/cesd.qc.ca\\\/#organization\"},\"potentialAction\":[{\"@type\":\"SearchAction\",\"target\":{\"@type\":\"EntryPoint\",\"urlTemplate\":\"https:\\\/\\\/cesd.qc.ca\\\/?s={search_term_string}\"},\"query-input\":{\"@type\":\"PropertyValueSpecification\",\"valueRequired\":true,\"valueName\":\"search_term_string\"}}],\"inLanguage\":\"en-US\"},{\"@type\":\"Organization\",\"@id\":\"https:\\\/\\\/cesd.qc.ca\\\/#organization\",\"name\":\"Centre d'\u00e9quipement et de sonorisation Denis Inc.\",\"url\":\"https:\\\/\\\/cesd.qc.ca\\\/\",\"logo\":{\"@type\":\"ImageObject\",\"inLanguage\":\"en-US\",\"@id\":\"https:\\\/\\\/cesd.qc.ca\\\/#\\\/schema\\\/logo\\\/image\\\/\",\"url\":\"https:\\\/\\\/cesd.qc.ca\\\/media\\\/logoBleu-cesd-le-11-2014.jpg\",\"contentUrl\":\"https:\\\/\\\/cesd.qc.ca\\\/media\\\/logoBleu-cesd-le-11-2014.jpg\",\"width\":2271,\"height\":420,\"caption\":\"Centre d'\u00e9quipement et de sonorisation Denis Inc.\"},\"image\":{\"@id\":\"https:\\\/\\\/cesd.qc.ca\\\/#\\\/schema\\\/logo\\\/image\\\/\"},\"sameAs\":[\"https:\\\/\\\/www.facebook.com\\\/cesdinc\\\/?ref=bookmarks\",\"https:\\\/\\\/www.linkedin.com\\\/feed\\\/\",\"https:\\\/\\\/www.youtube.com\\\/results?search_query=centre d'\u00e9quipement et de sonorisation\"]}]}<\/script>\n<!-- \/ Yoast SEO plugin. -->","yoast_head_json":{"title":"Audio Visual Equipment Rental & Sales in Pincourt, QC","description":"We provide audio visual equipment sales, rental and repair\u00a0in\u00a0Ile-Perrot, QC. Call us at 450-452-0451 for more information.","robots":{"index":"index","follow":"follow","max-snippet":"max-snippet:-1","max-image-preview":"max-image-preview:large","max-video-preview":"max-video-preview:-1"},"canonical":"https:\/\/cesd.qc.ca\/en\/audio-visual-equipment-in-ile-perrot-qc\/","og_locale":"en_US","og_type":"article","og_title":"Audio Visual Equipment Rental & Sales in Pincourt, QC","og_description":"We provide audio visual equipment sales, rental and repair\u00a0in\u00a0Ile-Perrot, QC. Call us at 450-452-0451 for more information.","og_url":"https:\/\/cesd.qc.ca\/en\/audio-visual-equipment-in-ile-perrot-qc\/","og_site_name":"Centre d&#039;\u00e9quipement et de sonorisation Denis Inc","article_publisher":"https:\/\/www.facebook.com\/cesdinc\/?ref=bookmarks","article_modified_time":"2020-12-04T13:50:28+00:00","og_image":[{"width":1024,"height":768,"url":"https:\/\/cesd.qc.ca\/media\/20161108_160909_001-1024x768.jpg","type":"image\/jpeg"}],"twitter_misc":{"Est. reading time":"2 minutes"},"schema":{"@context":"https:\/\/schema.org","@graph":[{"@type":"WebPage","@id":"https:\/\/cesd.qc.ca\/en\/audio-visual-equipment-in-ile-perrot-qc\/","url":"https:\/\/cesd.qc.ca\/en\/audio-visual-equipment-in-ile-perrot-qc\/","name":"Audio Visual Equipment Rental & Sales in Pincourt, QC","isPartOf":{"@id":"https:\/\/cesd.qc.ca\/#website"},"primaryImageOfPage":{"@id":"https:\/\/cesd.qc.ca\/en\/audio-visual-equipment-in-ile-perrot-qc\/#primaryimage"},"image":{"@id":"https:\/\/cesd.qc.ca\/en\/audio-visual-equipment-in-ile-perrot-qc\/#primaryimage"},"thumbnailUrl":"https:\/\/cesd.qc.ca\/media\/20161108_160909_001.jpg","datePublished":"2020-12-04T13:50:26+00:00","dateModified":"2020-12-04T13:50:28+00:00","description":"We provide audio visual equipment sales, rental and repair\u00a0in\u00a0Ile-Perrot, QC. Call us at 450-452-0451 for more information.","breadcrumb":{"@id":"https:\/\/cesd.qc.ca\/en\/audio-visual-equipment-in-ile-perrot-qc\/#breadcrumb"},"inLanguage":"en-US","potentialAction":[{"@type":"ReadAction","target":["https:\/\/cesd.qc.ca\/en\/audio-visual-equipment-in-ile-perrot-qc\/"]}]},{"@type":"ImageObject","inLanguage":"en-US","@id":"https:\/\/cesd.qc.ca\/en\/audio-visual-equipment-in-ile-perrot-qc\/#primaryimage","url":"https:\/\/cesd.qc.ca\/media\/20161108_160909_001.jpg","contentUrl":"https:\/\/cesd.qc.ca\/media\/20161108_160909_001.jpg","width":4032,"height":3024,"caption":"Voici notre magasin en vente et location."},{"@type":"BreadcrumbList","@id":"https:\/\/cesd.qc.ca\/en\/audio-visual-equipment-in-ile-perrot-qc\/#breadcrumb","itemListElement":[{"@type":"ListItem","position":1,"name":"Home","item":"https:\/\/cesd.qc.ca\/en\/"},{"@type":"ListItem","position":2,"name":"Audio Visual Equipment in Ile-Perrot, QC"}]},{"@type":"WebSite","@id":"https:\/\/cesd.qc.ca\/#website","url":"https:\/\/cesd.qc.ca\/","name":"Centre d&#039;\u00e9quipement et de sonorisation Denis Inc","description":"Du son, de l&#039;\u00e9clairage et du vid\u00e9o \u00e0 votre service","publisher":{"@id":"https:\/\/cesd.qc.ca\/#organization"},"potentialAction":[{"@type":"SearchAction","target":{"@type":"EntryPoint","urlTemplate":"https:\/\/cesd.qc.ca\/?s={search_term_string}"},"query-input":{"@type":"PropertyValueSpecification","valueRequired":true,"valueName":"search_term_string"}}],"inLanguage":"en-US"},{"@type":"Organization","@id":"https:\/\/cesd.qc.ca\/#organization","name":"Centre d'\u00e9quipement et de sonorisation Denis Inc.","url":"https:\/\/cesd.qc.ca\/","logo":{"@type":"ImageObject","inLanguage":"en-US","@id":"https:\/\/cesd.qc.ca\/#\/schema\/logo\/image\/","url":"https:\/\/cesd.qc.ca\/media\/logoBleu-cesd-le-11-2014.jpg","contentUrl":"https:\/\/cesd.qc.ca\/media\/logoBleu-cesd-le-11-2014.jpg","width":2271,"height":420,"caption":"Centre d'\u00e9quipement et de sonorisation Denis Inc."},"image":{"@id":"https:\/\/cesd.qc.ca\/#\/schema\/logo\/image\/"},"sameAs":["https:\/\/www.facebook.com\/cesdinc\/?ref=bookmarks","https:\/\/www.linkedin.com\/feed\/","https:\/\/www.youtube.com\/results?search_query=centre d'\u00e9quipement et de sonorisation"]}]}},"_links":{"self":[{"href":"https:\/\/cesd.qc.ca\/en\/wp-json\/wp\/v2\/pages\/273","targetHints":{"allow":["GET"]}}],"collection":[{"href":"https:\/\/cesd.qc.ca\/en\/wp-json\/wp\/v2\/pages"}],"about":[{"href":"https:\/\/cesd.qc.ca\/en\/wp-json\/wp\/v2\/types\/page"}],"author":[{"embeddable":true,"href":"https:\/\/cesd.qc.ca\/en\/wp-json\/wp\/v2\/users\/2"}],"replies":[{"embeddable":true,"href":"https:\/\/cesd.qc.ca\/en\/wp-json\/wp\/v2\/comments?post=273"}],"version-history":[{"count":4,"href":"https:\/\/cesd.qc.ca\/en\/wp-json\/wp\/v2\/pages\/273\/revisions"}],"predecessor-version":[{"id":1245,"href":"https:\/\/cesd.qc.ca\/en\/wp-json\/wp\/v2\/pages\/273\/revisions\/1245"}],"wp:featuredmedia":[{"embeddable":true,"href":"https:\/\/cesd.qc.ca\/en\/wp-json\/wp\/v2\/media\/350"}],"wp:attachment":[{"href":"https:\/\/cesd.qc.ca\/en\/wp-json\/wp\/v2\/media?parent=273"}],"curies":[{"name":"wp","href":"https:\/\/api.w.org\/{rel}","templated":true}]}}