{"id":275,"date":"2020-12-04T08:57:01","date_gmt":"2020-12-04T13:57:01","guid":{"rendered":"https:\/\/cesd.qc.ca\/?page_id=275"},"modified":"2020-12-04T08:57:03","modified_gmt":"2020-12-04T13:57:03","slug":"audio-visual-equipment-in-vaudreuil-dorion-qc","status":"publish","type":"page","link":"https:\/\/cesd.qc.ca\/en\/audio-visual-equipment-in-vaudreuil-dorion-qc\/","title":{"rendered":"Audio Visual Equipment in Vaudreuil-Dorion, QC"},"content":{"rendered":"<p><strong>At the Centre d\u2019\u00e9quipement et de Sonorisation Denis <\/strong>in Vaudreuil-Dorion, QC. we specialize in the sale and rental of sound and lighting equipment. We listen to your needs and offer the best prices and advice in the Vaudreuil-Dorion area.<\/p>\n<p>We have everything you need to make your event a success. At the Centre d\u2019\u00e9quipement et de Sonorisation Denis in Vaudreuil-Dorion, QC. you will find amplified speakers, sub woofer, consoles, mixers, microphones, professional cd players and more.<\/p>\n<p>At Vaudreuil-Dorion, QC we provide audio visual equipment sales, rental and repair we serve also\u00a0in\u00a0<span class=\"s1\">Ile-Perrot, Pincourt, Vaudreuil-Dorion, Saint-Lazare, Rigaud, Montr\u00e9al, Montr\u00e9al ouest, Saint-Zotique, Salaberry de Valleyfield, Les C\u00e8dres, Hudson, Saint-Anicet, Saint-Clet, Terrasse-Vaudreuil, Vaudreuil-Soulanges, Notre-Dame-de-L &#8216;Ile-Perrot, Sainte-Justine-de-Newton.<\/span><\/p>\n<p><span style=\"line-height: 1.5;\">Come visit us at Centre d\u2019\u00e9quipement et de Sonorisation Denis in Pincourt, QC. for help and advice on your future purchase or rental, or take advantage of our setup and install services.<\/span><\/p>\n<p><strong>Pour voir tous les offres et rabais de mon inventaire, nos produits en ligne qui sont en vente!<\/strong><\/p>\n<p><strong>Allez dans la page vente et cliquer sur Online catalog (qui est en bleu). Vous allez trouver de bons sp\u00e9ciaux en ce moment.<\/strong><\/p>\n<p>Sur la m\u00eame page; Je mets \u00e9galement en PDF un document de ce que j\u2019ai en inventaire avec les prix de vente sp\u00e9cial. Certaine \u00e9quipement sont neuf ou usag\u00e9.<\/p>\n<h3>Vous pouvez m\u2019\u00e9crire \u00e0 ghislain@cesd.qc.ca et me faire la demande de ma liste complet en PDF d\u2019inventaire qui sont en sp\u00e9ciaux pr\u00e9sentement. Du 01 au 23\u00a0d\u00e9cembre\u00a02020 La vente de No\u00ebl jusqu\u2019\u00e0 \u00e9puisement du stock.<\/h3>\n<h3>Des rabais de $ 10 \u00e0 $ 500 sur chaque \u00e9quipement.<\/h3>\n<div id=\"attachment_526\" style=\"width: 590px\" class=\"wp-caption alignnone\"><a href=\"https:\/\/cesd.qc.ca\/media\/Concert_288_Dual-Presentation_System-display.jpg\"><img loading=\"lazy\" decoding=\"async\" aria-describedby=\"caption-attachment-526\" class=\"size-full wp-image-526\" src=\"https:\/\/cesd.qc.ca\/media\/Concert_288_Dual-Presentation_System-display.jpg\" alt=\"Samson Concert dual pr\u00e9sentation, Head set or lavalier\" width=\"580\" height=\"464\" srcset=\"https:\/\/cesd.qc.ca\/media\/Concert_288_Dual-Presentation_System-display.jpg 580w, https:\/\/cesd.qc.ca\/media\/Concert_288_Dual-Presentation_System-display-300x240.jpg 300w\" sizes=\"auto, (max-width: 580px) 100vw, 580px\" \/><\/a><p id=\"caption-attachment-526\" class=\"wp-caption-text\">Samson Concert deux Micro casques ou lavalier.<\/p><\/div>\n<p><a href=\"https:\/\/cesd.qc.ca\/media\/XP800_HO-display-2016.jpg\"><img loading=\"lazy\" decoding=\"async\" class=\"alignnone size-full wp-image-204\" src=\"https:\/\/cesd.qc.ca\/media\/XP800_HO-display-2016.jpg\" alt=\"XP800 ensemble\" width=\"580\" height=\"464\" srcset=\"https:\/\/cesd.qc.ca\/media\/XP800_HO-display-2016.jpg 580w, https:\/\/cesd.qc.ca\/media\/XP800_HO-display-2016-300x240.jpg 300w\" sizes=\"auto, (max-width: 580px) 100vw, 580px\" \/><\/a>Samson XP 800, console amplifier de 800 watts, bluetooth, effet, sortie moniteur et speaker. prix sp\u00e9cial de liquidation de no\u00ebl. appelez pour avoir votre prix.<\/p>\n<div id=\"attachment_858\" style=\"width: 737px\" class=\"wp-caption aligncenter\"><a href=\"https:\/\/cesd.qc.ca\/media\/CESD-Pub-2015.jpg\"><img loading=\"lazy\" decoding=\"async\" aria-describedby=\"caption-attachment-858\" class=\"size-full wp-image-858\" src=\"https:\/\/cesd.qc.ca\/media\/CESD-Pub-2015.jpg\" alt=\"Annoce Centre d'\u00e9\" width=\"727\" height=\"470\" srcset=\"https:\/\/cesd.qc.ca\/media\/CESD-Pub-2015.jpg 727w, https:\/\/cesd.qc.ca\/media\/CESD-Pub-2015-300x194.jpg 300w\" sizes=\"auto, (max-width: 727px) 100vw, 727px\" \/><\/a><p id=\"caption-attachment-858\" class=\"wp-caption-text\">Centre d&#8217;\u00e9quipement et de sonorisation Denis (cesd.qc.ca)<\/p><\/div>\n","protected":false},"excerpt":{"rendered":"<p>At the Centre d\u2019\u00e9quipement et de Sonorisation Denis in Vaudreuil-Dorion, QC. we specialize in the sale and rental of sound and lighting equipment. We listen to your needs and offer the best prices and advice in the Vaudreuil-Dorion area. We have everything you need to make your event a success. At the Centre d\u2019\u00e9quipement et [&hellip;]<\/p>\n","protected":false},"author":2,"featured_media":352,"parent":0,"menu_order":0,"comment_status":"closed","ping_status":"closed","template":"","meta":{"inline_featured_image":false,"footnotes":""},"class_list":["post-275","page","type-page","status-publish","has-post-thumbnail","hentry"],"yoast_head":"<!-- This site is optimized with the Yoast SEO plugin v27.3 - https:\/\/yoast.com\/product\/yoast-seo-wordpress\/ -->\n<title>Audio Visual Equipment Rental &amp; Sales in\u00a0Vaudreuil-Dorion, QC<\/title>\n<meta name=\"description\" content=\"We provide audio visual equipment sales, rental and repair\u00a0in\u00a0Vaudreuil-Dorion, QC. Call us at 450-452-0451 for more information.\" \/>\n<meta name=\"robots\" content=\"index, follow, max-snippet:-1, max-image-preview:large, max-video-preview:-1\" \/>\n<link rel=\"canonical\" href=\"https:\/\/cesd.qc.ca\/en\/audio-visual-equipment-in-vaudreuil-dorion-qc\/\" \/>\n<meta property=\"og:locale\" content=\"en_US\" \/>\n<meta property=\"og:type\" content=\"article\" \/>\n<meta property=\"og:title\" content=\"Audio Visual Equipment Rental &amp; Sales in\u00a0Vaudreuil-Dorion, QC\" \/>\n<meta property=\"og:description\" content=\"We provide audio visual equipment sales, rental and repair\u00a0in\u00a0Vaudreuil-Dorion, QC. Call us at 450-452-0451 for more information.\" \/>\n<meta property=\"og:url\" content=\"https:\/\/cesd.qc.ca\/en\/audio-visual-equipment-in-vaudreuil-dorion-qc\/\" \/>\n<meta property=\"og:site_name\" content=\"Centre d&#039;\u00e9quipement et de sonorisation Denis Inc\" \/>\n<meta property=\"article:publisher\" content=\"https:\/\/www.facebook.com\/cesdinc\/?ref=bookmarks\" \/>\n<meta property=\"article:modified_time\" content=\"2020-12-04T13:57:03+00:00\" \/>\n<meta property=\"og:image\" content=\"https:\/\/cesd.qc.ca\/media\/20161111_113431-1-1024x768.jpg\" \/>\n\t<meta property=\"og:image:width\" content=\"1024\" \/>\n\t<meta property=\"og:image:height\" content=\"768\" \/>\n\t<meta property=\"og:image:type\" content=\"image\/jpeg\" \/>\n<meta name=\"twitter:label1\" content=\"Est. reading time\" \/>\n\t<meta name=\"twitter:data1\" content=\"2 minutes\" \/>\n<script type=\"application\/ld+json\" class=\"yoast-schema-graph\">{\"@context\":\"https:\\\/\\\/schema.org\",\"@graph\":[{\"@type\":\"WebPage\",\"@id\":\"https:\\\/\\\/cesd.qc.ca\\\/en\\\/audio-visual-equipment-in-vaudreuil-dorion-qc\\\/\",\"url\":\"https:\\\/\\\/cesd.qc.ca\\\/en\\\/audio-visual-equipment-in-vaudreuil-dorion-qc\\\/\",\"name\":\"Audio Visual Equipment Rental & Sales in\u00a0Vaudreuil-Dorion, QC\",\"isPartOf\":{\"@id\":\"https:\\\/\\\/cesd.qc.ca\\\/#website\"},\"primaryImageOfPage\":{\"@id\":\"https:\\\/\\\/cesd.qc.ca\\\/en\\\/audio-visual-equipment-in-vaudreuil-dorion-qc\\\/#primaryimage\"},\"image\":{\"@id\":\"https:\\\/\\\/cesd.qc.ca\\\/en\\\/audio-visual-equipment-in-vaudreuil-dorion-qc\\\/#primaryimage\"},\"thumbnailUrl\":\"https:\\\/\\\/cesd.qc.ca\\\/media\\\/20161111_113431-1.jpg\",\"datePublished\":\"2020-12-04T13:57:01+00:00\",\"dateModified\":\"2020-12-04T13:57:03+00:00\",\"description\":\"We provide audio visual equipment sales, rental and repair\u00a0in\u00a0Vaudreuil-Dorion, QC. Call us at 450-452-0451 for more information.\",\"breadcrumb\":{\"@id\":\"https:\\\/\\\/cesd.qc.ca\\\/en\\\/audio-visual-equipment-in-vaudreuil-dorion-qc\\\/#breadcrumb\"},\"inLanguage\":\"en-US\",\"potentialAction\":[{\"@type\":\"ReadAction\",\"target\":[\"https:\\\/\\\/cesd.qc.ca\\\/en\\\/audio-visual-equipment-in-vaudreuil-dorion-qc\\\/\"]}]},{\"@type\":\"ImageObject\",\"inLanguage\":\"en-US\",\"@id\":\"https:\\\/\\\/cesd.qc.ca\\\/en\\\/audio-visual-equipment-in-vaudreuil-dorion-qc\\\/#primaryimage\",\"url\":\"https:\\\/\\\/cesd.qc.ca\\\/media\\\/20161111_113431-1.jpg\",\"contentUrl\":\"https:\\\/\\\/cesd.qc.ca\\\/media\\\/20161111_113431-1.jpg\",\"width\":4032,\"height\":3024,\"caption\":\"Sale electronic professionnal sound and light\"},{\"@type\":\"BreadcrumbList\",\"@id\":\"https:\\\/\\\/cesd.qc.ca\\\/en\\\/audio-visual-equipment-in-vaudreuil-dorion-qc\\\/#breadcrumb\",\"itemListElement\":[{\"@type\":\"ListItem\",\"position\":1,\"name\":\"Home\",\"item\":\"https:\\\/\\\/cesd.qc.ca\\\/en\\\/\"},{\"@type\":\"ListItem\",\"position\":2,\"name\":\"Audio Visual Equipment in Vaudreuil-Dorion, QC\"}]},{\"@type\":\"WebSite\",\"@id\":\"https:\\\/\\\/cesd.qc.ca\\\/#website\",\"url\":\"https:\\\/\\\/cesd.qc.ca\\\/\",\"name\":\"Centre d&#039;\u00e9quipement et de sonorisation Denis Inc\",\"description\":\"Du son, de l&#039;\u00e9clairage et du vid\u00e9o \u00e0 votre service\",\"publisher\":{\"@id\":\"https:\\\/\\\/cesd.qc.ca\\\/#organization\"},\"potentialAction\":[{\"@type\":\"SearchAction\",\"target\":{\"@type\":\"EntryPoint\",\"urlTemplate\":\"https:\\\/\\\/cesd.qc.ca\\\/?s={search_term_string}\"},\"query-input\":{\"@type\":\"PropertyValueSpecification\",\"valueRequired\":true,\"valueName\":\"search_term_string\"}}],\"inLanguage\":\"en-US\"},{\"@type\":\"Organization\",\"@id\":\"https:\\\/\\\/cesd.qc.ca\\\/#organization\",\"name\":\"Centre d'\u00e9quipement et de sonorisation Denis Inc.\",\"url\":\"https:\\\/\\\/cesd.qc.ca\\\/\",\"logo\":{\"@type\":\"ImageObject\",\"inLanguage\":\"en-US\",\"@id\":\"https:\\\/\\\/cesd.qc.ca\\\/#\\\/schema\\\/logo\\\/image\\\/\",\"url\":\"https:\\\/\\\/cesd.qc.ca\\\/media\\\/logoBleu-cesd-le-11-2014.jpg\",\"contentUrl\":\"https:\\\/\\\/cesd.qc.ca\\\/media\\\/logoBleu-cesd-le-11-2014.jpg\",\"width\":2271,\"height\":420,\"caption\":\"Centre d'\u00e9quipement et de sonorisation Denis Inc.\"},\"image\":{\"@id\":\"https:\\\/\\\/cesd.qc.ca\\\/#\\\/schema\\\/logo\\\/image\\\/\"},\"sameAs\":[\"https:\\\/\\\/www.facebook.com\\\/cesdinc\\\/?ref=bookmarks\",\"https:\\\/\\\/www.linkedin.com\\\/feed\\\/\",\"https:\\\/\\\/www.youtube.com\\\/results?search_query=centre d'\u00e9quipement et de sonorisation\"]}]}<\/script>\n<!-- \/ Yoast SEO plugin. -->","yoast_head_json":{"title":"Audio Visual Equipment Rental & Sales in\u00a0Vaudreuil-Dorion, QC","description":"We provide audio visual equipment sales, rental and repair\u00a0in\u00a0Vaudreuil-Dorion, QC. Call us at 450-452-0451 for more information.","robots":{"index":"index","follow":"follow","max-snippet":"max-snippet:-1","max-image-preview":"max-image-preview:large","max-video-preview":"max-video-preview:-1"},"canonical":"https:\/\/cesd.qc.ca\/en\/audio-visual-equipment-in-vaudreuil-dorion-qc\/","og_locale":"en_US","og_type":"article","og_title":"Audio Visual Equipment Rental & Sales in\u00a0Vaudreuil-Dorion, QC","og_description":"We provide audio visual equipment sales, rental and repair\u00a0in\u00a0Vaudreuil-Dorion, QC. Call us at 450-452-0451 for more information.","og_url":"https:\/\/cesd.qc.ca\/en\/audio-visual-equipment-in-vaudreuil-dorion-qc\/","og_site_name":"Centre d&#039;\u00e9quipement et de sonorisation Denis Inc","article_publisher":"https:\/\/www.facebook.com\/cesdinc\/?ref=bookmarks","article_modified_time":"2020-12-04T13:57:03+00:00","og_image":[{"width":1024,"height":768,"url":"https:\/\/cesd.qc.ca\/media\/20161111_113431-1-1024x768.jpg","type":"image\/jpeg"}],"twitter_misc":{"Est. reading time":"2 minutes"},"schema":{"@context":"https:\/\/schema.org","@graph":[{"@type":"WebPage","@id":"https:\/\/cesd.qc.ca\/en\/audio-visual-equipment-in-vaudreuil-dorion-qc\/","url":"https:\/\/cesd.qc.ca\/en\/audio-visual-equipment-in-vaudreuil-dorion-qc\/","name":"Audio Visual Equipment Rental & Sales in\u00a0Vaudreuil-Dorion, QC","isPartOf":{"@id":"https:\/\/cesd.qc.ca\/#website"},"primaryImageOfPage":{"@id":"https:\/\/cesd.qc.ca\/en\/audio-visual-equipment-in-vaudreuil-dorion-qc\/#primaryimage"},"image":{"@id":"https:\/\/cesd.qc.ca\/en\/audio-visual-equipment-in-vaudreuil-dorion-qc\/#primaryimage"},"thumbnailUrl":"https:\/\/cesd.qc.ca\/media\/20161111_113431-1.jpg","datePublished":"2020-12-04T13:57:01+00:00","dateModified":"2020-12-04T13:57:03+00:00","description":"We provide audio visual equipment sales, rental and repair\u00a0in\u00a0Vaudreuil-Dorion, QC. Call us at 450-452-0451 for more information.","breadcrumb":{"@id":"https:\/\/cesd.qc.ca\/en\/audio-visual-equipment-in-vaudreuil-dorion-qc\/#breadcrumb"},"inLanguage":"en-US","potentialAction":[{"@type":"ReadAction","target":["https:\/\/cesd.qc.ca\/en\/audio-visual-equipment-in-vaudreuil-dorion-qc\/"]}]},{"@type":"ImageObject","inLanguage":"en-US","@id":"https:\/\/cesd.qc.ca\/en\/audio-visual-equipment-in-vaudreuil-dorion-qc\/#primaryimage","url":"https:\/\/cesd.qc.ca\/media\/20161111_113431-1.jpg","contentUrl":"https:\/\/cesd.qc.ca\/media\/20161111_113431-1.jpg","width":4032,"height":3024,"caption":"Sale electronic professionnal sound and light"},{"@type":"BreadcrumbList","@id":"https:\/\/cesd.qc.ca\/en\/audio-visual-equipment-in-vaudreuil-dorion-qc\/#breadcrumb","itemListElement":[{"@type":"ListItem","position":1,"name":"Home","item":"https:\/\/cesd.qc.ca\/en\/"},{"@type":"ListItem","position":2,"name":"Audio Visual Equipment in Vaudreuil-Dorion, QC"}]},{"@type":"WebSite","@id":"https:\/\/cesd.qc.ca\/#website","url":"https:\/\/cesd.qc.ca\/","name":"Centre d&#039;\u00e9quipement et de sonorisation Denis Inc","description":"Du son, de l&#039;\u00e9clairage et du vid\u00e9o \u00e0 votre service","publisher":{"@id":"https:\/\/cesd.qc.ca\/#organization"},"potentialAction":[{"@type":"SearchAction","target":{"@type":"EntryPoint","urlTemplate":"https:\/\/cesd.qc.ca\/?s={search_term_string}"},"query-input":{"@type":"PropertyValueSpecification","valueRequired":true,"valueName":"search_term_string"}}],"inLanguage":"en-US"},{"@type":"Organization","@id":"https:\/\/cesd.qc.ca\/#organization","name":"Centre d'\u00e9quipement et de sonorisation Denis Inc.","url":"https:\/\/cesd.qc.ca\/","logo":{"@type":"ImageObject","inLanguage":"en-US","@id":"https:\/\/cesd.qc.ca\/#\/schema\/logo\/image\/","url":"https:\/\/cesd.qc.ca\/media\/logoBleu-cesd-le-11-2014.jpg","contentUrl":"https:\/\/cesd.qc.ca\/media\/logoBleu-cesd-le-11-2014.jpg","width":2271,"height":420,"caption":"Centre d'\u00e9quipement et de sonorisation Denis Inc."},"image":{"@id":"https:\/\/cesd.qc.ca\/#\/schema\/logo\/image\/"},"sameAs":["https:\/\/www.facebook.com\/cesdinc\/?ref=bookmarks","https:\/\/www.linkedin.com\/feed\/","https:\/\/www.youtube.com\/results?search_query=centre d'\u00e9quipement et de sonorisation"]}]}},"_links":{"self":[{"href":"https:\/\/cesd.qc.ca\/en\/wp-json\/wp\/v2\/pages\/275","targetHints":{"allow":["GET"]}}],"collection":[{"href":"https:\/\/cesd.qc.ca\/en\/wp-json\/wp\/v2\/pages"}],"about":[{"href":"https:\/\/cesd.qc.ca\/en\/wp-json\/wp\/v2\/types\/page"}],"author":[{"embeddable":true,"href":"https:\/\/cesd.qc.ca\/en\/wp-json\/wp\/v2\/users\/2"}],"replies":[{"embeddable":true,"href":"https:\/\/cesd.qc.ca\/en\/wp-json\/wp\/v2\/comments?post=275"}],"version-history":[{"count":4,"href":"https:\/\/cesd.qc.ca\/en\/wp-json\/wp\/v2\/pages\/275\/revisions"}],"predecessor-version":[{"id":1249,"href":"https:\/\/cesd.qc.ca\/en\/wp-json\/wp\/v2\/pages\/275\/revisions\/1249"}],"wp:featuredmedia":[{"embeddable":true,"href":"https:\/\/cesd.qc.ca\/en\/wp-json\/wp\/v2\/media\/352"}],"wp:attachment":[{"href":"https:\/\/cesd.qc.ca\/en\/wp-json\/wp\/v2\/media?parent=275"}],"curies":[{"name":"wp","href":"https:\/\/api.w.org\/{rel}","templated":true}]}}