{"id":4,"date":"2020-12-04T08:48:19","date_gmt":"2020-12-04T13:48:19","guid":{"rendered":"https:\/\/cesd.qc.ca\/?page_id=4"},"modified":"2026-01-21T18:14:12","modified_gmt":"2026-01-21T23:14:12","slug":"home","status":"publish","type":"page","link":"https:\/\/cesd.qc.ca\/en\/","title":{"rendered":"Home"},"content":{"rendered":"<div id=\"attachment_782\" style=\"width: 1034px\" class=\"wp-caption aligncenter\"><a href=\"https:\/\/cesd.qc.ca\/media\/Ghislain-en-action-le-18-10-2013-01.jpg\"><img loading=\"lazy\" decoding=\"async\" aria-describedby=\"caption-attachment-782\" class=\"size-large wp-image-782\" src=\"https:\/\/cesd.qc.ca\/media\/Ghislain-en-action-le-18-10-2013-01-1024x683.jpg\" alt=\"Ghyslain Denis animateur- Dj\" width=\"1024\" height=\"683\" srcset=\"https:\/\/cesd.qc.ca\/media\/Ghislain-en-action-le-18-10-2013-01-1024x683.jpg 1024w, https:\/\/cesd.qc.ca\/media\/Ghislain-en-action-le-18-10-2013-01-300x200.jpg 300w, https:\/\/cesd.qc.ca\/media\/Ghislain-en-action-le-18-10-2013-01-768x512.jpg 768w, https:\/\/cesd.qc.ca\/media\/Ghislain-en-action-le-18-10-2013-01-1140x760.jpg 1140w\" sizes=\"auto, (max-width: 1024px) 100vw, 1024px\" \/><\/a><p id=\"caption-attachment-782\" class=\"wp-caption-text\">Ghyslain Denis.<br \/>vous accueille depuis 1997 dans la r\u00e9gion.<\/p><\/div>\n<h2>Good morning all,<br \/>\nHere is a small special press release to our cesd customers (Denis inc. Sound and Equipment Center)!<\/h2>\n<h2><\/h2>\n<h3><span style=\"color: #000000;\">Vous pouvez m&#8217;\u00e9crire \u00e0 ghislain@cesd.qc.ca et me faire la demande de ma liste complet en PDF d&#8217;inventaire qui sont en sp\u00e9ciaux pr\u00e9sentement. <\/span><\/h3>\n<h3><\/h3>\n<p>Here&#8217;s how dating and payments work.<br \/>\nBefore the meeting:<br \/>\nYou must phone me or text me on my cell: 514-231-3104 in order to take your back-to-school order in my accounts and make an appointment for you at my warehouse.<\/p>\n<h2>The hours to call me are:<br \/>\nAny day between: 8:00 am to 15:00 pm leave a message and I&#8217;ll call you back.<br \/>\nTo talk to me live from 15:30 p.m. to 20:00 p.m.<\/h2>\n<h2>For payment can be done<br \/>\n\u2022 By bank transfer the same day on site or before the meeting.<br \/>\n\u2022 By credit card one day before to give you your interac coupon and invoice.<\/h2>\n<h2>The available meeting times are:<br \/>\nMonday to Friday: between 15:30 p.m. to 19:00 p.m.<br \/>\nSaturday and Sunday between: 10 a.m. and 13 p.m.<br \/>\nThe meeting place is: Vaudreuil-DorionFor appointement<br \/>\nPhone: 450-452-0451<br \/>\nCell phone: 514-231-3104<br \/>\nEmail: ghislain@cesd.qc.ca<\/h2>\n<h2>Encouraging a local business in your region is to guarantee its survival in business!<br \/>\nThank you to you dear loyal customers.<br \/>\nMy sincere greeting,<\/h2>\n<h2>Ghyslain Denis from the Denis inc<\/h2>\n<h2>sound equipment center<br \/>\nCall me today at 514-231-3104 and we&#8217;ll meet you!<br \/>\nWe will get there all together,<br \/>\nCome and like our Facebook page https:\/\/www.facebook.com\/cesdinc\/?ref=bookmarks.<\/h2>\n","protected":false},"excerpt":{"rendered":"<p>Good morning all, Here is a small special press release to our cesd customers (Denis inc. Sound and Equipment Center)! Vous pouvez m&#8217;\u00e9crire \u00e0 ghislain@cesd.qc.ca et me faire la demande de ma liste complet en PDF d&#8217;inventaire qui sont en sp\u00e9ciaux pr\u00e9sentement. Here&#8217;s how dating and payments work. Before the meeting: You must phone me [&hellip;]<\/p>\n","protected":false},"author":1,"featured_media":709,"parent":0,"menu_order":-1,"comment_status":"closed","ping_status":"open","template":"","meta":{"inline_featured_image":false,"footnotes":""},"class_list":["post-4","page","type-page","status-publish","has-post-thumbnail","hentry"],"yoast_head":"<!-- This site is optimized with the Yoast SEO plugin v27.5 - https:\/\/yoast.com\/product\/yoast-seo-wordpress\/ -->\n<title>Audio Visual Equipement Rental in Pincourt, QC<\/title>\n<meta name=\"description\" content=\"Providing sales, rental and repair for music audio visual equipment and lighting in Denis, QC.\" \/>\n<meta name=\"robots\" content=\"index, follow, max-snippet:-1, max-image-preview:large, max-video-preview:-1\" \/>\n<link rel=\"canonical\" href=\"https:\/\/cesd.qc.ca\/en\/\" \/>\n<meta property=\"og:locale\" content=\"en_US\" \/>\n<meta property=\"og:type\" content=\"article\" \/>\n<meta property=\"og:title\" content=\"Audio Visual Equipement Rental in Pincourt, QC\" \/>\n<meta property=\"og:description\" content=\"Providing sales, rental and repair for music audio visual equipment and lighting in Denis, QC.\" \/>\n<meta property=\"og:url\" content=\"https:\/\/cesd.qc.ca\/en\/\" \/>\n<meta property=\"og:site_name\" content=\"Centre d&#039;\u00e9quipement et de sonorisation Denis Inc\" \/>\n<meta property=\"article:publisher\" content=\"https:\/\/www.facebook.com\/cesdinc\/?ref=bookmarks\" \/>\n<meta property=\"article:modified_time\" content=\"2026-01-21T23:14:12+00:00\" \/>\n<meta property=\"og:image\" content=\"https:\/\/cesd.qc.ca\/media\/20180731_1913011-1024x768.jpg\" \/>\n\t<meta property=\"og:image:width\" content=\"1024\" \/>\n\t<meta property=\"og:image:height\" content=\"768\" \/>\n\t<meta property=\"og:image:type\" content=\"image\/jpeg\" \/>\n<meta name=\"twitter:label1\" content=\"Est. reading time\" \/>\n\t<meta name=\"twitter:data1\" content=\"2 minutes\" \/>\n<script type=\"application\/ld+json\" class=\"yoast-schema-graph\">{\"@context\":\"https:\\\/\\\/schema.org\",\"@graph\":[{\"@type\":\"WebPage\",\"@id\":\"https:\\\/\\\/cesd.qc.ca\\\/en\\\/\",\"url\":\"https:\\\/\\\/cesd.qc.ca\\\/en\\\/\",\"name\":\"Audio Visual Equipement Rental in Pincourt, QC\",\"isPartOf\":{\"@id\":\"https:\\\/\\\/cesd.qc.ca\\\/#website\"},\"primaryImageOfPage\":{\"@id\":\"https:\\\/\\\/cesd.qc.ca\\\/en\\\/#primaryimage\"},\"image\":{\"@id\":\"https:\\\/\\\/cesd.qc.ca\\\/en\\\/#primaryimage\"},\"thumbnailUrl\":\"https:\\\/\\\/cesd.qc.ca\\\/media\\\/20180731_1913011.jpg\",\"datePublished\":\"2020-12-04T13:48:19+00:00\",\"dateModified\":\"2026-01-21T23:14:12+00:00\",\"description\":\"Providing sales, rental and repair for music audio visual equipment and lighting in Denis, QC.\",\"breadcrumb\":{\"@id\":\"https:\\\/\\\/cesd.qc.ca\\\/en\\\/#breadcrumb\"},\"inLanguage\":\"en-US\",\"potentialAction\":[{\"@type\":\"ReadAction\",\"target\":[\"https:\\\/\\\/cesd.qc.ca\\\/en\\\/\"]}]},{\"@type\":\"ImageObject\",\"inLanguage\":\"en-US\",\"@id\":\"https:\\\/\\\/cesd.qc.ca\\\/en\\\/#primaryimage\",\"url\":\"https:\\\/\\\/cesd.qc.ca\\\/media\\\/20180731_1913011.jpg\",\"contentUrl\":\"https:\\\/\\\/cesd.qc.ca\\\/media\\\/20180731_1913011.jpg\",\"width\":4032,\"height\":3024,\"caption\":\"Vente d'\u00e9coule de stock\"},{\"@type\":\"BreadcrumbList\",\"@id\":\"https:\\\/\\\/cesd.qc.ca\\\/en\\\/#breadcrumb\",\"itemListElement\":[{\"@type\":\"ListItem\",\"position\":1,\"name\":\"Home\",\"item\":\"https:\\\/\\\/cesd.qc.ca\\\/en\\\/\"},{\"@type\":\"ListItem\",\"position\":2,\"name\":\"Home\"}]},{\"@type\":\"WebSite\",\"@id\":\"https:\\\/\\\/cesd.qc.ca\\\/#website\",\"url\":\"https:\\\/\\\/cesd.qc.ca\\\/\",\"name\":\"Centre d&#039;\u00e9quipement et de sonorisation Denis Inc\",\"description\":\"Du son, de l&#039;\u00e9clairage et du vid\u00e9o \u00e0 votre service\",\"publisher\":{\"@id\":\"https:\\\/\\\/cesd.qc.ca\\\/#organization\"},\"potentialAction\":[{\"@type\":\"SearchAction\",\"target\":{\"@type\":\"EntryPoint\",\"urlTemplate\":\"https:\\\/\\\/cesd.qc.ca\\\/?s={search_term_string}\"},\"query-input\":{\"@type\":\"PropertyValueSpecification\",\"valueRequired\":true,\"valueName\":\"search_term_string\"}}],\"inLanguage\":\"en-US\"},{\"@type\":\"Organization\",\"@id\":\"https:\\\/\\\/cesd.qc.ca\\\/#organization\",\"name\":\"Centre d'\u00e9quipement et de sonorisation Denis Inc.\",\"url\":\"https:\\\/\\\/cesd.qc.ca\\\/\",\"logo\":{\"@type\":\"ImageObject\",\"inLanguage\":\"en-US\",\"@id\":\"https:\\\/\\\/cesd.qc.ca\\\/#\\\/schema\\\/logo\\\/image\\\/\",\"url\":\"https:\\\/\\\/cesd.qc.ca\\\/media\\\/logoBleu-cesd-le-11-2014.jpg\",\"contentUrl\":\"https:\\\/\\\/cesd.qc.ca\\\/media\\\/logoBleu-cesd-le-11-2014.jpg\",\"width\":2271,\"height\":420,\"caption\":\"Centre d'\u00e9quipement et de sonorisation Denis Inc.\"},\"image\":{\"@id\":\"https:\\\/\\\/cesd.qc.ca\\\/#\\\/schema\\\/logo\\\/image\\\/\"},\"sameAs\":[\"https:\\\/\\\/www.facebook.com\\\/cesdinc\\\/?ref=bookmarks\",\"https:\\\/\\\/www.linkedin.com\\\/feed\\\/\",\"https:\\\/\\\/www.youtube.com\\\/results?search_query=centre d'\u00e9quipement et de sonorisation\"]}]}<\/script>\n<!-- \/ Yoast SEO plugin. -->","yoast_head_json":{"title":"Audio Visual Equipement Rental in Pincourt, QC","description":"Providing sales, rental and repair for music audio visual equipment and lighting in Denis, QC.","robots":{"index":"index","follow":"follow","max-snippet":"max-snippet:-1","max-image-preview":"max-image-preview:large","max-video-preview":"max-video-preview:-1"},"canonical":"https:\/\/cesd.qc.ca\/en\/","og_locale":"en_US","og_type":"article","og_title":"Audio Visual Equipement Rental in Pincourt, QC","og_description":"Providing sales, rental and repair for music audio visual equipment and lighting in Denis, QC.","og_url":"https:\/\/cesd.qc.ca\/en\/","og_site_name":"Centre d&#039;\u00e9quipement et de sonorisation Denis Inc","article_publisher":"https:\/\/www.facebook.com\/cesdinc\/?ref=bookmarks","article_modified_time":"2026-01-21T23:14:12+00:00","og_image":[{"width":1024,"height":768,"url":"https:\/\/cesd.qc.ca\/media\/20180731_1913011-1024x768.jpg","type":"image\/jpeg"}],"twitter_misc":{"Est. reading time":"2 minutes"},"schema":{"@context":"https:\/\/schema.org","@graph":[{"@type":"WebPage","@id":"https:\/\/cesd.qc.ca\/en\/","url":"https:\/\/cesd.qc.ca\/en\/","name":"Audio Visual Equipement Rental in Pincourt, QC","isPartOf":{"@id":"https:\/\/cesd.qc.ca\/#website"},"primaryImageOfPage":{"@id":"https:\/\/cesd.qc.ca\/en\/#primaryimage"},"image":{"@id":"https:\/\/cesd.qc.ca\/en\/#primaryimage"},"thumbnailUrl":"https:\/\/cesd.qc.ca\/media\/20180731_1913011.jpg","datePublished":"2020-12-04T13:48:19+00:00","dateModified":"2026-01-21T23:14:12+00:00","description":"Providing sales, rental and repair for music audio visual equipment and lighting in Denis, QC.","breadcrumb":{"@id":"https:\/\/cesd.qc.ca\/en\/#breadcrumb"},"inLanguage":"en-US","potentialAction":[{"@type":"ReadAction","target":["https:\/\/cesd.qc.ca\/en\/"]}]},{"@type":"ImageObject","inLanguage":"en-US","@id":"https:\/\/cesd.qc.ca\/en\/#primaryimage","url":"https:\/\/cesd.qc.ca\/media\/20180731_1913011.jpg","contentUrl":"https:\/\/cesd.qc.ca\/media\/20180731_1913011.jpg","width":4032,"height":3024,"caption":"Vente d'\u00e9coule de stock"},{"@type":"BreadcrumbList","@id":"https:\/\/cesd.qc.ca\/en\/#breadcrumb","itemListElement":[{"@type":"ListItem","position":1,"name":"Home","item":"https:\/\/cesd.qc.ca\/en\/"},{"@type":"ListItem","position":2,"name":"Home"}]},{"@type":"WebSite","@id":"https:\/\/cesd.qc.ca\/#website","url":"https:\/\/cesd.qc.ca\/","name":"Centre d&#039;\u00e9quipement et de sonorisation Denis Inc","description":"Du son, de l&#039;\u00e9clairage et du vid\u00e9o \u00e0 votre service","publisher":{"@id":"https:\/\/cesd.qc.ca\/#organization"},"potentialAction":[{"@type":"SearchAction","target":{"@type":"EntryPoint","urlTemplate":"https:\/\/cesd.qc.ca\/?s={search_term_string}"},"query-input":{"@type":"PropertyValueSpecification","valueRequired":true,"valueName":"search_term_string"}}],"inLanguage":"en-US"},{"@type":"Organization","@id":"https:\/\/cesd.qc.ca\/#organization","name":"Centre d'\u00e9quipement et de sonorisation Denis Inc.","url":"https:\/\/cesd.qc.ca\/","logo":{"@type":"ImageObject","inLanguage":"en-US","@id":"https:\/\/cesd.qc.ca\/#\/schema\/logo\/image\/","url":"https:\/\/cesd.qc.ca\/media\/logoBleu-cesd-le-11-2014.jpg","contentUrl":"https:\/\/cesd.qc.ca\/media\/logoBleu-cesd-le-11-2014.jpg","width":2271,"height":420,"caption":"Centre d'\u00e9quipement et de sonorisation Denis Inc."},"image":{"@id":"https:\/\/cesd.qc.ca\/#\/schema\/logo\/image\/"},"sameAs":["https:\/\/www.facebook.com\/cesdinc\/?ref=bookmarks","https:\/\/www.linkedin.com\/feed\/","https:\/\/www.youtube.com\/results?search_query=centre d'\u00e9quipement et de sonorisation"]}]}},"_links":{"self":[{"href":"https:\/\/cesd.qc.ca\/en\/wp-json\/wp\/v2\/pages\/4","targetHints":{"allow":["GET"]}}],"collection":[{"href":"https:\/\/cesd.qc.ca\/en\/wp-json\/wp\/v2\/pages"}],"about":[{"href":"https:\/\/cesd.qc.ca\/en\/wp-json\/wp\/v2\/types\/page"}],"author":[{"embeddable":true,"href":"https:\/\/cesd.qc.ca\/en\/wp-json\/wp\/v2\/users\/1"}],"replies":[{"embeddable":true,"href":"https:\/\/cesd.qc.ca\/en\/wp-json\/wp\/v2\/comments?post=4"}],"version-history":[{"count":26,"href":"https:\/\/cesd.qc.ca\/en\/wp-json\/wp\/v2\/pages\/4\/revisions"}],"predecessor-version":[{"id":2074,"href":"https:\/\/cesd.qc.ca\/en\/wp-json\/wp\/v2\/pages\/4\/revisions\/2074"}],"wp:featuredmedia":[{"embeddable":true,"href":"https:\/\/cesd.qc.ca\/en\/wp-json\/wp\/v2\/media\/709"}],"wp:attachment":[{"href":"https:\/\/cesd.qc.ca\/en\/wp-json\/wp\/v2\/media?parent=4"}],"curies":[{"name":"wp","href":"https:\/\/api.w.org\/{rel}","templated":true}]}}