{"id":61,"date":"2025-05-30T21:20:44","date_gmt":"2025-05-31T01:20:44","guid":{"rendered":"https:\/\/cesd.qc.ca\/?page_id=61"},"modified":"2025-05-30T21:29:49","modified_gmt":"2025-05-31T01:29:49","slug":"thank-you-ghislain-denis-centre-dequipement-et-de-sonorisation-denis-acceuil-vente","status":"publish","type":"page","link":"https:\/\/cesd.qc.ca\/en\/thank-you-ghislain-denis-centre-dequipement-et-de-sonorisation-denis-acceuil-vente\/","title":{"rendered":"Thank You"},"content":{"rendered":"<p>Word of Thanks!<br \/>\nGood morning all,<br \/>\nHere is a small special press release to our customers at the Denis Inc (cesd) Equipment and Sound System Center!<br \/>\nDue to the covid-19 situation. After serving you for 28 years and accumulating an inventory of $ 100,000, Served over 3,000 customers, businesses and producers.<\/p>\n<p>I am announcing my closing sale for my store, the Denis Sound Equipment Center, Inc.<br \/>\nFor those looking for sound, lighting, video and accessories equipment, I&#8217;m selling everything now. To see the stock and photo with the price you can see on my Facebook page Denis equipment and sound system center or on the website www.cesd.qc.ca\/magasin<\/p>\n<p>On behalf of myself and my Sous-traitant, Jacques, Michel, Yvonne, Martin, Simon, Luc, Sofiane.<\/p>\n<p>I want to say a big thank you to you for having made me realize a great project to help businesses in events, city, school board (school in the region) and Teacher of any field, non-profit organization and other organization .<br \/>\nMy goal was to have everything under one roof, for all clients in events, entertainment, weddings, business development, corporate companies which was achieved.<br \/>\nIf the situation changes and sales pick up, I&#8217;m saying maybe I&#8217;ll keep going. I am not closing all services, I will always be there to advise you on entertainment purchases and equipment rentals.<br \/>\nI will now stay in events. This is only a postponement.<br \/>\nYours, thank you<\/p>\n<p>Ghyslain Denis from the Denis inc sound equipment center<br \/>\nCall me first, as our opening and closing hours have changed. 514-231-3104<\/p>\n<div id=\"attachment_782\" style=\"width: 1034px\" class=\"wp-caption aligncenter\"><a href=\"https:\/\/cesd.qc.ca\/media\/Ghislain-en-action-le-18-10-2013-01.jpg\"><img loading=\"lazy\" decoding=\"async\" aria-describedby=\"caption-attachment-782\" class=\"size-large wp-image-782\" src=\"https:\/\/cesd.qc.ca\/media\/Ghislain-en-action-le-18-10-2013-01-1024x683.jpg\" alt=\"Ghyslain Denis animateur- Dj\" width=\"1024\" height=\"683\" srcset=\"https:\/\/cesd.qc.ca\/media\/Ghislain-en-action-le-18-10-2013-01-1024x683.jpg 1024w, https:\/\/cesd.qc.ca\/media\/Ghislain-en-action-le-18-10-2013-01-300x200.jpg 300w, https:\/\/cesd.qc.ca\/media\/Ghislain-en-action-le-18-10-2013-01-768x512.jpg 768w, https:\/\/cesd.qc.ca\/media\/Ghislain-en-action-le-18-10-2013-01-1140x760.jpg 1140w\" sizes=\"auto, (max-width: 1024px) 100vw, 1024px\" \/><\/a><p id=\"caption-attachment-782\" class=\"wp-caption-text\">Ghyslain Denis.<br \/>I say Thank you, 28 years for you.<\/p><\/div>\n<p>Look inside the catalog on line at www.cesd.qc.ca\/magasin for more information equipment for sold. Sounds, light, accessory, screen wall, mic, mixer dj, stand, console, Speaker, projector, led bar, board, spot light, miror ball, stage, Sc\u00e8ne mobile.<\/p>\n<p><strong>Bonjour \u00e0 tous,<\/strong><\/p>\n<p><strong>Voici un petit communiquer sp\u00e9cial \u00e0 notre client\u00e8le du cesd (Centre d\u2019\u00e9quipement et de sonorisation Denis inc)!<\/strong><\/p>\n<p>Ch\u00e8re client du magasin Centre d\u2019\u00e9quipement et de sonorisation Denis inc,<\/p>\n<p>Afin de m\u2019encourag\u00e9 je vous invite de lire ce qui suit.<\/p>\n<p>Pour ceux qui recherche de l\u2019\u00e9quipement de son, \u00e9clairage, vid\u00e9o et accessoires. Si vous avez une id\u00e9e d\u2019achat que vous aimeriez faire en ce moment c\u2019est le temps de le faire.<\/p>\n<p><strong>Pour voir tous les offres et rabais de mon inventaire, nos produits en ligne qui sont en vente!<\/strong><\/p>\n<p><strong>Allez dans la page vente et cliquer sur Online catalog (qui est en bleu). Vous allez trouver de bons sp\u00e9ciaux en ce moment.<\/strong><\/p>\n<p>Sur la m\u00eame page; Je mets \u00e9galement en PDF un document de ce que j\u2019ai en inventaire avec les prix de vente sp\u00e9cial. Certaine \u00e9quipement sont neuf ou usag\u00e9.<\/p>\n<h3>Vous pouvez m\u2019\u00e9crire \u00e0 ghislain@cesd.qc.ca et me faire la demande de ma liste complet en PDF d\u2019inventaire qui sont en sp\u00e9ciaux pr\u00e9sentement.<\/h3>\n<p>Voici comment fonctionne les rencontres et les paiements.<\/p>\n<p>Avant la rencontre\u00a0:<\/p>\n<p>Vous devez me t\u00e9l\u00e9phoner ou texter sur mon cell : 514-231-3104 afin de prendre votre commande de la rentr\u00e9e dans ma comptabilit\u00e9 et de vous donner un rendez-vous \u00a0\u00e0 mon entrep\u00f4t.<\/p>\n<p>Les heures pour me t\u00e9l\u00e9phoner sont\u00a0:<\/p>\n<p>N\u2019importe quelle jours entre\u00a0: 8\u00a0:00 \u00e0 17\u00a0:00 laisser un message et je vous rappelle.<\/p>\n<p>Pour me parler en direct de 15 :30 \u00e0 20 :00.<\/p>\n<p>Pour le paiement peut se faire<\/p>\n<ul>\n<li>Par transfert bancaire le jour m\u00eame sur les lieux ou avant la rencontre.<\/li>\n<li>Par carte de cr\u00e9dit une journ\u00e9e avant afin de vous donner votre coupon d\u2019interac et facture.<\/li>\n<\/ul>\n<p>Les heures de rencontre disponible sont\u00a0:<\/p>\n<p>Lundi au vendredi: entre 15 :30 \u00e0 19 :00<\/p>\n<p>Samedi et dimanche entre\u00a0: 10\u00a0:00 et 14\u00a0:00<\/p>\n<p>Le lieu de rencontre\u00a0 avec rendez-vous est :<\/p>\n<p>\u00c0 mes n<span style=\"font-size: revert; color: initial;\">ouveaux locaux, Mini Entrepot A20-A30-A40, 100-2400 rue Henry-Ford, Vaudreuil-Dorion.<\/span><\/p>\n<p>T\u00e9l\u00a0: 450-452-0451<\/p>\n<p>T\u00e9l\u00e9phone cell\u00a0: 514-231-3104<\/p>\n<p>Courriel\u00a0: ghislain@cesd.qc.ca<\/p>\n<h3>Encouragez un commerce local dans votre r\u00e9gion, c\u2019est de garantir sa survie en affaire!<\/h3>\n<p>Je vous remercie \u00e0 vous ch\u00e8re client\u00e8le fid\u00e8le.<\/p>\n<p>Mes Sinc\u00e8re salutation,<\/p>\n<p>Ghyslain Denis du centre d\u2019\u00e9quipement de sonorisation Denis inc<\/p>\n<p>Appelez-moi des aujourd\u2019hui au 514-231-3104 et on ce donne rendez-vous!<\/p>\n<p>On va y arriver tous ensembles,<\/p>\n<h2>Venez aimer notre page Facebook\u00a0<a href=\"https:\/\/www.facebook.com\/cesdinc\/\">\u00a0https:\/\/www.facebook.com\/cesdinc\/?ref=bookmarks.<\/a><\/h2>\n","protected":false},"excerpt":{"rendered":"<p>Word of Thanks! Good morning all, Here is a small special press release to our customers at the Denis Inc (cesd) Equipment and Sound System Center! Due to the covid-19 situation. After serving you for 28 years and accumulating an inventory of $ 100,000, Served over 3,000 customers, businesses and producers. I am announcing my [&hellip;]<\/p>\n","protected":false},"author":1,"featured_media":858,"parent":0,"menu_order":0,"comment_status":"closed","ping_status":"open","template":"","meta":{"inline_featured_image":false,"footnotes":""},"class_list":["post-61","page","type-page","status-publish","has-post-thumbnail","hentry"],"yoast_head":"<!-- This site is optimized with the Yoast SEO plugin v27.5 - https:\/\/yoast.com\/product\/yoast-seo-wordpress\/ -->\n<title>Thank you - Centre d&#039;\u00e9quipement et de sonorisation Denis Inc<\/title>\n<meta name=\"description\" content=\"Thank you, new hours, announcing, Centre d&#039;\u00e9quipement et de sonorisation denis, Ghislain Denis, On behalf of myself and my staff\" \/>\n<meta name=\"robots\" content=\"index, follow, max-snippet:-1, max-image-preview:large, max-video-preview:-1\" \/>\n<link rel=\"canonical\" href=\"https:\/\/cesd.qc.ca\/en\/thank-you-ghislain-denis-centre-dequipement-et-de-sonorisation-denis-acceuil-vente\/\" \/>\n<meta property=\"og:locale\" content=\"en_US\" \/>\n<meta property=\"og:type\" content=\"article\" \/>\n<meta property=\"og:title\" content=\"Thank you - Centre d&#039;\u00e9quipement et de sonorisation Denis Inc\" \/>\n<meta property=\"og:description\" content=\"Thank you, new hours, announcing, Centre d&#039;\u00e9quipement et de sonorisation denis, Ghislain Denis, On behalf of myself and my staff\" \/>\n<meta property=\"og:url\" content=\"https:\/\/cesd.qc.ca\/en\/thank-you-ghislain-denis-centre-dequipement-et-de-sonorisation-denis-acceuil-vente\/\" \/>\n<meta property=\"og:site_name\" content=\"Centre d&#039;\u00e9quipement et de sonorisation Denis Inc\" \/>\n<meta property=\"article:publisher\" content=\"https:\/\/www.facebook.com\/cesdinc\/?ref=bookmarks\" \/>\n<meta property=\"article:modified_time\" content=\"2025-05-31T01:29:49+00:00\" \/>\n<meta property=\"og:image\" content=\"https:\/\/cesd.qc.ca\/media\/CESD-Pub-2015.jpg\" \/>\n\t<meta property=\"og:image:width\" content=\"727\" \/>\n\t<meta property=\"og:image:height\" content=\"470\" \/>\n\t<meta property=\"og:image:type\" content=\"image\/jpeg\" \/>\n<meta name=\"twitter:label1\" content=\"Est. reading time\" \/>\n\t<meta name=\"twitter:data1\" content=\"4 minutes\" \/>\n<script type=\"application\/ld+json\" class=\"yoast-schema-graph\">{\"@context\":\"https:\\\/\\\/schema.org\",\"@graph\":[{\"@type\":\"WebPage\",\"@id\":\"https:\\\/\\\/cesd.qc.ca\\\/en\\\/thank-you-ghislain-denis-centre-dequipement-et-de-sonorisation-denis-acceuil-vente\\\/\",\"url\":\"https:\\\/\\\/cesd.qc.ca\\\/en\\\/thank-you-ghislain-denis-centre-dequipement-et-de-sonorisation-denis-acceuil-vente\\\/\",\"name\":\"Thank you - Centre d&#039;\u00e9quipement et de sonorisation Denis Inc\",\"isPartOf\":{\"@id\":\"https:\\\/\\\/cesd.qc.ca\\\/#website\"},\"primaryImageOfPage\":{\"@id\":\"https:\\\/\\\/cesd.qc.ca\\\/en\\\/thank-you-ghislain-denis-centre-dequipement-et-de-sonorisation-denis-acceuil-vente\\\/#primaryimage\"},\"image\":{\"@id\":\"https:\\\/\\\/cesd.qc.ca\\\/en\\\/thank-you-ghislain-denis-centre-dequipement-et-de-sonorisation-denis-acceuil-vente\\\/#primaryimage\"},\"thumbnailUrl\":\"https:\\\/\\\/cesd.qc.ca\\\/media\\\/CESD-Pub-2015.jpg\",\"datePublished\":\"2025-05-31T01:20:44+00:00\",\"dateModified\":\"2025-05-31T01:29:49+00:00\",\"description\":\"Thank you, new hours, announcing, Centre d'\u00e9quipement et de sonorisation denis, Ghislain Denis, On behalf of myself and my staff\",\"breadcrumb\":{\"@id\":\"https:\\\/\\\/cesd.qc.ca\\\/en\\\/thank-you-ghislain-denis-centre-dequipement-et-de-sonorisation-denis-acceuil-vente\\\/#breadcrumb\"},\"inLanguage\":\"en-US\",\"potentialAction\":[{\"@type\":\"ReadAction\",\"target\":[\"https:\\\/\\\/cesd.qc.ca\\\/en\\\/thank-you-ghislain-denis-centre-dequipement-et-de-sonorisation-denis-acceuil-vente\\\/\"]}]},{\"@type\":\"ImageObject\",\"inLanguage\":\"en-US\",\"@id\":\"https:\\\/\\\/cesd.qc.ca\\\/en\\\/thank-you-ghislain-denis-centre-dequipement-et-de-sonorisation-denis-acceuil-vente\\\/#primaryimage\",\"url\":\"https:\\\/\\\/cesd.qc.ca\\\/media\\\/CESD-Pub-2015.jpg\",\"contentUrl\":\"https:\\\/\\\/cesd.qc.ca\\\/media\\\/CESD-Pub-2015.jpg\",\"width\":727,\"height\":470,\"caption\":\"Centre d'\u00e9quipement et de sonorisation Denis (cesd.qc.ca)\"},{\"@type\":\"BreadcrumbList\",\"@id\":\"https:\\\/\\\/cesd.qc.ca\\\/en\\\/thank-you-ghislain-denis-centre-dequipement-et-de-sonorisation-denis-acceuil-vente\\\/#breadcrumb\",\"itemListElement\":[{\"@type\":\"ListItem\",\"position\":1,\"name\":\"Home\",\"item\":\"https:\\\/\\\/cesd.qc.ca\\\/en\\\/\"},{\"@type\":\"ListItem\",\"position\":2,\"name\":\"Thank You\"}]},{\"@type\":\"WebSite\",\"@id\":\"https:\\\/\\\/cesd.qc.ca\\\/#website\",\"url\":\"https:\\\/\\\/cesd.qc.ca\\\/\",\"name\":\"Centre d&#039;\u00e9quipement et de sonorisation Denis Inc\",\"description\":\"Du son, de l&#039;\u00e9clairage et du vid\u00e9o \u00e0 votre service\",\"publisher\":{\"@id\":\"https:\\\/\\\/cesd.qc.ca\\\/#organization\"},\"potentialAction\":[{\"@type\":\"SearchAction\",\"target\":{\"@type\":\"EntryPoint\",\"urlTemplate\":\"https:\\\/\\\/cesd.qc.ca\\\/?s={search_term_string}\"},\"query-input\":{\"@type\":\"PropertyValueSpecification\",\"valueRequired\":true,\"valueName\":\"search_term_string\"}}],\"inLanguage\":\"en-US\"},{\"@type\":\"Organization\",\"@id\":\"https:\\\/\\\/cesd.qc.ca\\\/#organization\",\"name\":\"Centre d'\u00e9quipement et de sonorisation Denis Inc.\",\"url\":\"https:\\\/\\\/cesd.qc.ca\\\/\",\"logo\":{\"@type\":\"ImageObject\",\"inLanguage\":\"en-US\",\"@id\":\"https:\\\/\\\/cesd.qc.ca\\\/#\\\/schema\\\/logo\\\/image\\\/\",\"url\":\"https:\\\/\\\/cesd.qc.ca\\\/media\\\/logoBleu-cesd-le-11-2014.jpg\",\"contentUrl\":\"https:\\\/\\\/cesd.qc.ca\\\/media\\\/logoBleu-cesd-le-11-2014.jpg\",\"width\":2271,\"height\":420,\"caption\":\"Centre d'\u00e9quipement et de sonorisation Denis Inc.\"},\"image\":{\"@id\":\"https:\\\/\\\/cesd.qc.ca\\\/#\\\/schema\\\/logo\\\/image\\\/\"},\"sameAs\":[\"https:\\\/\\\/www.facebook.com\\\/cesdinc\\\/?ref=bookmarks\",\"https:\\\/\\\/www.linkedin.com\\\/feed\\\/\",\"https:\\\/\\\/www.youtube.com\\\/results?search_query=centre d'\u00e9quipement et de sonorisation\"]}]}<\/script>\n<!-- \/ Yoast SEO plugin. -->","yoast_head_json":{"title":"Thank you - Centre d&#039;\u00e9quipement et de sonorisation Denis Inc","description":"Thank you, new hours, announcing, Centre d'\u00e9quipement et de sonorisation denis, Ghislain Denis, On behalf of myself and my staff","robots":{"index":"index","follow":"follow","max-snippet":"max-snippet:-1","max-image-preview":"max-image-preview:large","max-video-preview":"max-video-preview:-1"},"canonical":"https:\/\/cesd.qc.ca\/en\/thank-you-ghislain-denis-centre-dequipement-et-de-sonorisation-denis-acceuil-vente\/","og_locale":"en_US","og_type":"article","og_title":"Thank you - Centre d&#039;\u00e9quipement et de sonorisation Denis Inc","og_description":"Thank you, new hours, announcing, Centre d'\u00e9quipement et de sonorisation denis, Ghislain Denis, On behalf of myself and my staff","og_url":"https:\/\/cesd.qc.ca\/en\/thank-you-ghislain-denis-centre-dequipement-et-de-sonorisation-denis-acceuil-vente\/","og_site_name":"Centre d&#039;\u00e9quipement et de sonorisation Denis Inc","article_publisher":"https:\/\/www.facebook.com\/cesdinc\/?ref=bookmarks","article_modified_time":"2025-05-31T01:29:49+00:00","og_image":[{"width":727,"height":470,"url":"https:\/\/cesd.qc.ca\/media\/CESD-Pub-2015.jpg","type":"image\/jpeg"}],"twitter_misc":{"Est. reading time":"4 minutes"},"schema":{"@context":"https:\/\/schema.org","@graph":[{"@type":"WebPage","@id":"https:\/\/cesd.qc.ca\/en\/thank-you-ghislain-denis-centre-dequipement-et-de-sonorisation-denis-acceuil-vente\/","url":"https:\/\/cesd.qc.ca\/en\/thank-you-ghislain-denis-centre-dequipement-et-de-sonorisation-denis-acceuil-vente\/","name":"Thank you - Centre d&#039;\u00e9quipement et de sonorisation Denis Inc","isPartOf":{"@id":"https:\/\/cesd.qc.ca\/#website"},"primaryImageOfPage":{"@id":"https:\/\/cesd.qc.ca\/en\/thank-you-ghislain-denis-centre-dequipement-et-de-sonorisation-denis-acceuil-vente\/#primaryimage"},"image":{"@id":"https:\/\/cesd.qc.ca\/en\/thank-you-ghislain-denis-centre-dequipement-et-de-sonorisation-denis-acceuil-vente\/#primaryimage"},"thumbnailUrl":"https:\/\/cesd.qc.ca\/media\/CESD-Pub-2015.jpg","datePublished":"2025-05-31T01:20:44+00:00","dateModified":"2025-05-31T01:29:49+00:00","description":"Thank you, new hours, announcing, Centre d'\u00e9quipement et de sonorisation denis, Ghislain Denis, On behalf of myself and my staff","breadcrumb":{"@id":"https:\/\/cesd.qc.ca\/en\/thank-you-ghislain-denis-centre-dequipement-et-de-sonorisation-denis-acceuil-vente\/#breadcrumb"},"inLanguage":"en-US","potentialAction":[{"@type":"ReadAction","target":["https:\/\/cesd.qc.ca\/en\/thank-you-ghislain-denis-centre-dequipement-et-de-sonorisation-denis-acceuil-vente\/"]}]},{"@type":"ImageObject","inLanguage":"en-US","@id":"https:\/\/cesd.qc.ca\/en\/thank-you-ghislain-denis-centre-dequipement-et-de-sonorisation-denis-acceuil-vente\/#primaryimage","url":"https:\/\/cesd.qc.ca\/media\/CESD-Pub-2015.jpg","contentUrl":"https:\/\/cesd.qc.ca\/media\/CESD-Pub-2015.jpg","width":727,"height":470,"caption":"Centre d'\u00e9quipement et de sonorisation Denis (cesd.qc.ca)"},{"@type":"BreadcrumbList","@id":"https:\/\/cesd.qc.ca\/en\/thank-you-ghislain-denis-centre-dequipement-et-de-sonorisation-denis-acceuil-vente\/#breadcrumb","itemListElement":[{"@type":"ListItem","position":1,"name":"Home","item":"https:\/\/cesd.qc.ca\/en\/"},{"@type":"ListItem","position":2,"name":"Thank You"}]},{"@type":"WebSite","@id":"https:\/\/cesd.qc.ca\/#website","url":"https:\/\/cesd.qc.ca\/","name":"Centre d&#039;\u00e9quipement et de sonorisation Denis Inc","description":"Du son, de l&#039;\u00e9clairage et du vid\u00e9o \u00e0 votre service","publisher":{"@id":"https:\/\/cesd.qc.ca\/#organization"},"potentialAction":[{"@type":"SearchAction","target":{"@type":"EntryPoint","urlTemplate":"https:\/\/cesd.qc.ca\/?s={search_term_string}"},"query-input":{"@type":"PropertyValueSpecification","valueRequired":true,"valueName":"search_term_string"}}],"inLanguage":"en-US"},{"@type":"Organization","@id":"https:\/\/cesd.qc.ca\/#organization","name":"Centre d'\u00e9quipement et de sonorisation Denis Inc.","url":"https:\/\/cesd.qc.ca\/","logo":{"@type":"ImageObject","inLanguage":"en-US","@id":"https:\/\/cesd.qc.ca\/#\/schema\/logo\/image\/","url":"https:\/\/cesd.qc.ca\/media\/logoBleu-cesd-le-11-2014.jpg","contentUrl":"https:\/\/cesd.qc.ca\/media\/logoBleu-cesd-le-11-2014.jpg","width":2271,"height":420,"caption":"Centre d'\u00e9quipement et de sonorisation Denis Inc."},"image":{"@id":"https:\/\/cesd.qc.ca\/#\/schema\/logo\/image\/"},"sameAs":["https:\/\/www.facebook.com\/cesdinc\/?ref=bookmarks","https:\/\/www.linkedin.com\/feed\/","https:\/\/www.youtube.com\/results?search_query=centre d'\u00e9quipement et de sonorisation"]}]}},"_links":{"self":[{"href":"https:\/\/cesd.qc.ca\/en\/wp-json\/wp\/v2\/pages\/61","targetHints":{"allow":["GET"]}}],"collection":[{"href":"https:\/\/cesd.qc.ca\/en\/wp-json\/wp\/v2\/pages"}],"about":[{"href":"https:\/\/cesd.qc.ca\/en\/wp-json\/wp\/v2\/types\/page"}],"author":[{"embeddable":true,"href":"https:\/\/cesd.qc.ca\/en\/wp-json\/wp\/v2\/users\/1"}],"replies":[{"embeddable":true,"href":"https:\/\/cesd.qc.ca\/en\/wp-json\/wp\/v2\/comments?post=61"}],"version-history":[{"count":10,"href":"https:\/\/cesd.qc.ca\/en\/wp-json\/wp\/v2\/pages\/61\/revisions"}],"predecessor-version":[{"id":2011,"href":"https:\/\/cesd.qc.ca\/en\/wp-json\/wp\/v2\/pages\/61\/revisions\/2011"}],"wp:featuredmedia":[{"embeddable":true,"href":"https:\/\/cesd.qc.ca\/en\/wp-json\/wp\/v2\/media\/858"}],"wp:attachment":[{"href":"https:\/\/cesd.qc.ca\/en\/wp-json\/wp\/v2\/media?parent=61"}],"curies":[{"name":"wp","href":"https:\/\/api.w.org\/{rel}","templated":true}]}}